{"id":96895,"date":"2025-12-05T16:16:40","date_gmt":"2025-12-05T13:16:40","guid":{"rendered":"https:\/\/baldumarket.lt\/product\/drop-13-01-buk-fjord-bialy-szara-platyna-szafka-nocna\/"},"modified":"2026-04-07T13:40:09","modified_gmt":"2026-04-07T10:40:09","slug":"drop-13-01-buk-fjord-bialy-szara-platyna-szafka-nocna","status":"publish","type":"product","link":"https:\/\/baldumarket.lt\/lt\/product\/drop-13-01-buk-fjord-bialy-szara-platyna-szafka-nocna\/","title":{"rendered":"Drop 13-01 fjord buko baltumo\/platinos pilkumo &#8211; naktinis staliukas"},"content":{"rendered":"<p>Ergonomika vaidina labai svarb\u0173 vaidmen\u012f vaik\u0173 kambaryje. M\u016bs\u0173 naktinis staliukas DROP 13 buvo sukurtas siekiant erdvaus ir funkcionalaus vaik\u0173 kambario papildymo. Puikus vir\u0161utin\u0117s plok\u0161t\u0117s laminavimas u\u017etikrina atsparum\u0105 \u012fbr\u0117\u017eimams. Visi\u0161kai i\u0161traukiama stal\u010di\u0173 sistema leid\u017eia lengvai laikyti visus b\u016btiniausius daiktus, kuri\u0173 gali prireikti j\u016bs\u0173 vaikui prie lovos. DROP 13 taip pat gali b\u016bti naudojamas kaip atskiras baldas arba kaip papildomas stalo aksesuaras.<\/p>","protected":false},"excerpt":{"rendered":"<p>Ergonomics play a crucial role in a children&#8217;s system. Our DROP 13 bedside table was created to meet the need for a spacious and functional addition to a children&#8217;s room. The excellent lamination of the top panel ensures scratch resistance. The full-extension drawer system allows for easy storage of all the essentials your child might [&hellip;]<\/p>","protected":false},"featured_media":96896,"comment_status":"open","ping_status":"open","template":"","meta":[],"product_brand":[],"product_cat":[1176,2255,9232],"product_tag":[],"class_list":{"0":"post-96895","1":"product","2":"type-product","3":"status-publish","4":"has-post-thumbnail","6":"product_cat-bedside-tables","7":"product_cat-ml-meble","8":"product_cat-furniture-system-drop-ml-meble","10":"first","11":"instock","12":"purchasable","13":"product-type-simple"},"_links":{"self":[{"href":"https:\/\/baldumarket.lt\/lt\/wp-json\/wp\/v2\/product\/96895","targetHints":{"allow":["GET"]}}],"collection":[{"href":"https:\/\/baldumarket.lt\/lt\/wp-json\/wp\/v2\/product"}],"about":[{"href":"https:\/\/baldumarket.lt\/lt\/wp-json\/wp\/v2\/types\/product"}],"replies":[{"embeddable":true,"href":"https:\/\/baldumarket.lt\/lt\/wp-json\/wp\/v2\/comments?post=96895"}],"wp:featuredmedia":[{"embeddable":true,"href":"https:\/\/baldumarket.lt\/lt\/wp-json\/wp\/v2\/media\/96896"}],"wp:attachment":[{"href":"https:\/\/baldumarket.lt\/lt\/wp-json\/wp\/v2\/media?parent=96895"}],"wp:term":[{"taxonomy":"product_brand","embeddable":true,"href":"https:\/\/baldumarket.lt\/lt\/wp-json\/wp\/v2\/product_brand?post=96895"},{"taxonomy":"product_cat","embeddable":true,"href":"https:\/\/baldumarket.lt\/lt\/wp-json\/wp\/v2\/product_cat?post=96895"},{"taxonomy":"product_tag","embeddable":true,"href":"https:\/\/baldumarket.lt\/lt\/wp-json\/wp\/v2\/product_tag?post=96895"}],"curies":[{"name":"wp","href":"https:\/\/api.w.org\/{rel}","templated":true}]}}