{"id":96871,"date":"2025-12-05T16:16:15","date_gmt":"2025-12-05T13:16:15","guid":{"rendered":"https:\/\/baldumarket.lt\/product\/drop-06-01-buk-fjord-regal\/"},"modified":"2026-04-07T13:40:09","modified_gmt":"2026-04-07T10:40:09","slug":"drop-06-01-buk-fjord-regal","status":"publish","type":"product","link":"https:\/\/baldumarket.lt\/lt\/product\/drop-06-01-buk-fjord-regal\/","title":{"rendered":"Drop 06-01 fiordinis bukas &#8211; lentyna"},"content":{"rendered":"<p>\u201eDrop 06\u201c \u2013 tai viengul\u0117 lentyna, skirta ribotai erdvei ir unikaliam i\u0161d\u0117stymui. Kiekvienam vaikui reikia bald\u0173, kuriuose tilpt\u0173 knygos, s\u0105siuviniai ir vadov\u0117liai. Ji puikiai tiks eksponuoti j\u0173 atminimo daiktus ar sporto trof\u0117jus, taupydama viet\u0105 ir b\u016bdama labai pritaikoma. \u0160\u012f bald\u0105 suk\u016br\u0117me taip, kad patenkintume visus \u0161iuos poreikius. Kiekviena rankena yra kuo labiau suapvalinta, nei\u0161siki\u0161usi ir patogi vaikui, o pats baldas yra visi\u0161kai saugus, subalansuotas ir atsparus apvirtimui. Dar vienas \u201eDROP 06\u201c privalumas \u2013 galimyb\u0117 laisvai konfig\u016bruoti fasadus. Fasadai (DROP 06W) yra trij\u0173 spalv\u0173 (balta, platinos pilka, fiordo buko). Tai leid\u017eia bald\u0105 visi\u0161kai u\u017edaryti arba atidaryti tiek, kiek reikia. Unikali id\u0117ja \u2013 pasirinkti i\u0161 keli\u0173 suasmenint\u0173 \u201eDrop 06\u201c bald\u0173 ir sukurti original\u0173 bei funkcional\u0173 element\u0105 paauglio kambariui.<\/p>","protected":false},"excerpt":{"rendered":"<p>Drop 06 is a single shelf designed for limited space and unique arrangements. Every child needs furniture that will accommodate books, notebooks, and textbooks. It will be perfect for displaying their memorabilia or sports trophies, while also being space-saving and highly adaptable. We created this unit to meet all these needs. Each handle is as [&hellip;]<\/p>","protected":false},"featured_media":96872,"comment_status":"open","ping_status":"open","template":"","meta":[],"product_brand":[],"product_cat":[2255,9232,1987],"product_tag":[],"class_list":{"0":"post-96871","1":"product","2":"type-product","3":"status-publish","4":"has-post-thumbnail","6":"product_cat-ml-meble","7":"product_cat-furniture-system-drop-ml-meble","8":"product_cat-shelving-units","10":"first","11":"instock","12":"purchasable","13":"product-type-simple"},"_links":{"self":[{"href":"https:\/\/baldumarket.lt\/lt\/wp-json\/wp\/v2\/product\/96871","targetHints":{"allow":["GET"]}}],"collection":[{"href":"https:\/\/baldumarket.lt\/lt\/wp-json\/wp\/v2\/product"}],"about":[{"href":"https:\/\/baldumarket.lt\/lt\/wp-json\/wp\/v2\/types\/product"}],"replies":[{"embeddable":true,"href":"https:\/\/baldumarket.lt\/lt\/wp-json\/wp\/v2\/comments?post=96871"}],"wp:featuredmedia":[{"embeddable":true,"href":"https:\/\/baldumarket.lt\/lt\/wp-json\/wp\/v2\/media\/96872"}],"wp:attachment":[{"href":"https:\/\/baldumarket.lt\/lt\/wp-json\/wp\/v2\/media?parent=96871"}],"wp:term":[{"taxonomy":"product_brand","embeddable":true,"href":"https:\/\/baldumarket.lt\/lt\/wp-json\/wp\/v2\/product_brand?post=96871"},{"taxonomy":"product_cat","embeddable":true,"href":"https:\/\/baldumarket.lt\/lt\/wp-json\/wp\/v2\/product_cat?post=96871"},{"taxonomy":"product_tag","embeddable":true,"href":"https:\/\/baldumarket.lt\/lt\/wp-json\/wp\/v2\/product_tag?post=96871"}],"curies":[{"name":"wp","href":"https:\/\/api.w.org\/{rel}","templated":true}]}}