{"id":96869,"date":"2025-12-05T16:16:12","date_gmt":"2025-12-05T13:16:12","guid":{"rendered":"https:\/\/baldumarket.lt\/product\/secco-1140701-bialy-alpejski-lustro\/"},"modified":"2026-02-03T23:53:38","modified_gmt":"2026-02-03T20:53:38","slug":"secco-1140701-bialy-alpejski-lustro","status":"publish","type":"product","link":"https:\/\/baldumarket.lt\/lt\/product\/secco-1140701-bialy-alpejski-lustro\/","title":{"rendered":"SECCO 1140701 Alpi\u0173 baltas &#8211; Veidrodis"},"content":{"rendered":"<p>SECCO veidrodis neabejotinai yra vienas svarbiausi\u0173 kiekvienos moters aksesuar\u0173.<\/p>\n<p>Apvalus veidrodis puikiai dera su kitais SECCO sistemos elementais.<\/p>","protected":false},"excerpt":{"rendered":"<p>SECCO veidrodis neabejotinai yra vienas svarbiausi\u0173 kiekvienos moters aksesuar\u0173. Apvalus veidrodis puikiai papildo kitus SECCO sistemos elementus.<\/p>","protected":false},"featured_media":96870,"comment_status":"open","ping_status":"open","template":"","meta":[],"product_brand":[],"product_cat":[9241,1108,2255],"product_tag":[],"class_list":{"0":"post-96869","1":"product","2":"type-product","3":"status-publish","4":"has-post-thumbnail","6":"product_cat-furniture-system-secco-ml-meble","7":"product_cat-mirrors","8":"product_cat-ml-meble","10":"first","11":"instock","12":"purchasable","13":"product-type-simple"},"_links":{"self":[{"href":"https:\/\/baldumarket.lt\/lt\/wp-json\/wp\/v2\/product\/96869","targetHints":{"allow":["GET"]}}],"collection":[{"href":"https:\/\/baldumarket.lt\/lt\/wp-json\/wp\/v2\/product"}],"about":[{"href":"https:\/\/baldumarket.lt\/lt\/wp-json\/wp\/v2\/types\/product"}],"replies":[{"embeddable":true,"href":"https:\/\/baldumarket.lt\/lt\/wp-json\/wp\/v2\/comments?post=96869"}],"wp:featuredmedia":[{"embeddable":true,"href":"https:\/\/baldumarket.lt\/lt\/wp-json\/wp\/v2\/media\/96870"}],"wp:attachment":[{"href":"https:\/\/baldumarket.lt\/lt\/wp-json\/wp\/v2\/media?parent=96869"}],"wp:term":[{"taxonomy":"product_brand","embeddable":true,"href":"https:\/\/baldumarket.lt\/lt\/wp-json\/wp\/v2\/product_brand?post=96869"},{"taxonomy":"product_cat","embeddable":true,"href":"https:\/\/baldumarket.lt\/lt\/wp-json\/wp\/v2\/product_cat?post=96869"},{"taxonomy":"product_tag","embeddable":true,"href":"https:\/\/baldumarket.lt\/lt\/wp-json\/wp\/v2\/product_tag?post=96869"}],"curies":[{"name":"wp","href":"https:\/\/api.w.org\/{rel}","templated":true}]}}