{"id":96866,"date":"2025-12-05T16:16:09","date_gmt":"2025-12-05T13:16:09","guid":{"rendered":"https:\/\/baldumarket.lt\/product\/secco-1140601-bialy-alpejski-rtv\/"},"modified":"2026-02-03T23:53:38","modified_gmt":"2026-02-03T20:53:38","slug":"secco-1140601-bialy-alpejski-rtv","status":"publish","type":"product","link":"https:\/\/baldumarket.lt\/lt\/product\/secco-1140601-bialy-alpejski-rtv\/","title":{"rendered":"SECCO 1140601 Alpi\u0173 balta \u2013 RTV"},"content":{"rendered":"<p>SECCO televizoriaus staliukas yra puiki vieta j\u016bs\u0173 televizoriui, kuris neabejotinai bus m\u0117gstamas visos \u0161eimos vakarini\u0173 \u017ei\u016br\u0117jimo metu.<\/p>\n<p>D\u0117l savo erdvumo stovas puikiai tinka televizoriaus priedams ar konsolei laikyti.<\/p>\n<p>Be to, auk\u0161tos stovo kojel\u0117s leid\u017eia j\u012f lengvai i\u0161valyti.<\/p>","protected":false},"excerpt":{"rendered":"<p>SECCO televizoriaus staliukas \u2013 puiki vieta j\u016bs\u0173 televizoriui, kuris vakaro \u017ei\u016br\u0117jimo metu tikrai bus visos \u0161eimos m\u0117gstamiausias pasirinkimas. D\u0117l savo erdvumo staliukas puikiai tinka televizoriaus priedams ar konsolei laikyti. Be to, auk\u0161tos stovo kojel\u0117s leid\u017eia j\u012f lengvai i\u0161laikyti \u0161var\u0173.<\/p>","protected":false},"featured_media":96867,"comment_status":"open","ping_status":"open","template":"","meta":[],"product_brand":[],"product_cat":[9241,2255,1175],"product_tag":[],"class_list":{"0":"post-96866","1":"product","2":"type-product","3":"status-publish","4":"has-post-thumbnail","6":"product_cat-furniture-system-secco-ml-meble","7":"product_cat-ml-meble","8":"product_cat-tv-stands","10":"first","11":"instock","12":"purchasable","13":"product-type-simple"},"_links":{"self":[{"href":"https:\/\/baldumarket.lt\/lt\/wp-json\/wp\/v2\/product\/96866","targetHints":{"allow":["GET"]}}],"collection":[{"href":"https:\/\/baldumarket.lt\/lt\/wp-json\/wp\/v2\/product"}],"about":[{"href":"https:\/\/baldumarket.lt\/lt\/wp-json\/wp\/v2\/types\/product"}],"replies":[{"embeddable":true,"href":"https:\/\/baldumarket.lt\/lt\/wp-json\/wp\/v2\/comments?post=96866"}],"wp:featuredmedia":[{"embeddable":true,"href":"https:\/\/baldumarket.lt\/lt\/wp-json\/wp\/v2\/media\/96867"}],"wp:attachment":[{"href":"https:\/\/baldumarket.lt\/lt\/wp-json\/wp\/v2\/media?parent=96866"}],"wp:term":[{"taxonomy":"product_brand","embeddable":true,"href":"https:\/\/baldumarket.lt\/lt\/wp-json\/wp\/v2\/product_brand?post=96866"},{"taxonomy":"product_cat","embeddable":true,"href":"https:\/\/baldumarket.lt\/lt\/wp-json\/wp\/v2\/product_cat?post=96866"},{"taxonomy":"product_tag","embeddable":true,"href":"https:\/\/baldumarket.lt\/lt\/wp-json\/wp\/v2\/product_tag?post=96866"}],"curies":[{"name":"wp","href":"https:\/\/api.w.org\/{rel}","templated":true}]}}