{"id":96864,"date":"2025-12-05T16:16:06","date_gmt":"2025-12-05T13:16:06","guid":{"rendered":"https:\/\/baldumarket.lt\/product\/secco-1140401-bialy-alpejski-biurko\/"},"modified":"2026-02-03T23:53:38","modified_gmt":"2026-02-03T20:53:38","slug":"secco-1140401-bialy-alpejski-biurko","status":"publish","type":"product","link":"https:\/\/baldumarket.lt\/lt\/product\/secco-1140401-bialy-alpejski-biurko\/","title":{"rendered":"SECCO 1140401 Alpi\u0173 baltas \u2013 Ra\u0161omasis stalas"},"content":{"rendered":"<p>Kiekvienai moderniai ir nepriklausomai moteriai reikia savo erdv\u0117s gro\u017eiui ir makia\u017eui. M\u016bs\u0173 SECCO kosmetinis staliukas buvo sukurtas b\u016btent \u0161iam poreikiui patenkinti.<\/p>\n<p>Jei reikia, j\u012f galima transformuoti, pavyzd\u017eiui, \u012f ra\u0161om\u0105j\u012f stal\u0105.<\/p>","protected":false},"excerpt":{"rendered":"<p>Kiekvienai moderniai ir nepriklausomai moteriai reikia savo erdv\u0117s gro\u017eiui ir makia\u017eui. M\u016bs\u0173 SECCO kosmetinis staliukas buvo sukurtas b\u016btent \u0161iam poreikiui patenkinti. Prireikus j\u012f galima transformuoti, pavyzd\u017eiui, \u012f ra\u0161om\u0105j\u012f stal\u0105.<\/p>","protected":false},"featured_media":96865,"comment_status":"open","ping_status":"open","template":"","meta":[],"product_brand":[],"product_cat":[9241,1312,2255],"product_tag":[],"class_list":{"0":"post-96864","1":"product","2":"type-product","3":"status-publish","4":"has-post-thumbnail","6":"product_cat-furniture-system-secco-ml-meble","7":"product_cat-desks","8":"product_cat-ml-meble","10":"first","11":"instock","12":"purchasable","13":"product-type-simple"},"_links":{"self":[{"href":"https:\/\/baldumarket.lt\/lt\/wp-json\/wp\/v2\/product\/96864","targetHints":{"allow":["GET"]}}],"collection":[{"href":"https:\/\/baldumarket.lt\/lt\/wp-json\/wp\/v2\/product"}],"about":[{"href":"https:\/\/baldumarket.lt\/lt\/wp-json\/wp\/v2\/types\/product"}],"replies":[{"embeddable":true,"href":"https:\/\/baldumarket.lt\/lt\/wp-json\/wp\/v2\/comments?post=96864"}],"wp:featuredmedia":[{"embeddable":true,"href":"https:\/\/baldumarket.lt\/lt\/wp-json\/wp\/v2\/media\/96865"}],"wp:attachment":[{"href":"https:\/\/baldumarket.lt\/lt\/wp-json\/wp\/v2\/media?parent=96864"}],"wp:term":[{"taxonomy":"product_brand","embeddable":true,"href":"https:\/\/baldumarket.lt\/lt\/wp-json\/wp\/v2\/product_brand?post=96864"},{"taxonomy":"product_cat","embeddable":true,"href":"https:\/\/baldumarket.lt\/lt\/wp-json\/wp\/v2\/product_cat?post=96864"},{"taxonomy":"product_tag","embeddable":true,"href":"https:\/\/baldumarket.lt\/lt\/wp-json\/wp\/v2\/product_tag?post=96864"}],"curies":[{"name":"wp","href":"https:\/\/api.w.org\/{rel}","templated":true}]}}