{"id":96855,"date":"2025-12-05T16:15:57","date_gmt":"2025-12-05T13:15:57","guid":{"rendered":"https:\/\/baldumarket.lt\/product\/terni-11-szary-srebrny-szafka-nocna\/"},"modified":"2026-02-03T23:53:38","modified_gmt":"2026-02-03T20:53:38","slug":"terni-11-szary-srebrny-szafka-nocna","status":"publish","type":"product","link":"https:\/\/baldumarket.lt\/lt\/product\/terni-11-szary-srebrny-szafka-nocna\/","title":{"rendered":"Terni 11 pilkai sidabrin\u0117 &#8211; naktinis staliukas"},"content":{"rendered":"<p>TERNI 11 naktinis staliukas yra b\u016btinas bet kurio miegamojo atributas.<\/p>\n<p>Puiki apdaila ir eleganti\u0161ka spalva yra tik keli i\u0161 daugelio \u0161io dizaino privalum\u0173, kuris puikiai dera su kitais kolekcijos baldais.<\/p>","protected":false},"excerpt":{"rendered":"<p>TERNI 11 naktinis staliukas yra b\u016btinas bet kurio miegamojo atributas. Puiki apdaila ir eleganti\u0161ka spalva yra tik keli i\u0161 daugelio \u0161io dizaino privalum\u0173, kuris puikiai dera su kitais kolekcijos baldais.<\/p>","protected":false},"featured_media":96856,"comment_status":"open","ping_status":"open","template":"","meta":[],"product_brand":[],"product_cat":[9239,1176,2255],"product_tag":[],"class_list":{"0":"post-96855","1":"product","2":"type-product","3":"status-publish","4":"has-post-thumbnail","6":"product_cat-furniture-system-terni-ml-meble","7":"product_cat-bedside-tables","8":"product_cat-ml-meble","10":"first","11":"instock","12":"purchasable","13":"product-type-simple"},"_links":{"self":[{"href":"https:\/\/baldumarket.lt\/lt\/wp-json\/wp\/v2\/product\/96855","targetHints":{"allow":["GET"]}}],"collection":[{"href":"https:\/\/baldumarket.lt\/lt\/wp-json\/wp\/v2\/product"}],"about":[{"href":"https:\/\/baldumarket.lt\/lt\/wp-json\/wp\/v2\/types\/product"}],"replies":[{"embeddable":true,"href":"https:\/\/baldumarket.lt\/lt\/wp-json\/wp\/v2\/comments?post=96855"}],"wp:featuredmedia":[{"embeddable":true,"href":"https:\/\/baldumarket.lt\/lt\/wp-json\/wp\/v2\/media\/96856"}],"wp:attachment":[{"href":"https:\/\/baldumarket.lt\/lt\/wp-json\/wp\/v2\/media?parent=96855"}],"wp:term":[{"taxonomy":"product_brand","embeddable":true,"href":"https:\/\/baldumarket.lt\/lt\/wp-json\/wp\/v2\/product_brand?post=96855"},{"taxonomy":"product_cat","embeddable":true,"href":"https:\/\/baldumarket.lt\/lt\/wp-json\/wp\/v2\/product_cat?post=96855"},{"taxonomy":"product_tag","embeddable":true,"href":"https:\/\/baldumarket.lt\/lt\/wp-json\/wp\/v2\/product_tag?post=96855"}],"curies":[{"name":"wp","href":"https:\/\/api.w.org\/{rel}","templated":true}]}}