{"id":96845,"date":"2025-12-05T16:15:47","date_gmt":"2025-12-05T13:15:47","guid":{"rendered":"https:\/\/baldumarket.lt\/product\/terni-10-szary-srebrny-biurko\/"},"modified":"2026-02-03T23:53:38","modified_gmt":"2026-02-03T20:53:38","slug":"terni-10-szary-srebrny-biurko","status":"publish","type":"product","link":"https:\/\/baldumarket.lt\/lt\/product\/terni-10-szary-srebrny-biurko\/","title":{"rendered":"Terni 10 pilkai sidabrinis \u2013 ra\u0161omasis stalas"},"content":{"rendered":"<p>TERNI 10 ra\u0161omasis stalas \u2013 puikus sprendimas tiek paauglio kampeliui, tiek savo biurui \u012frengti.<\/p>\n<p>Dizainas yra visi\u0161kai subalansuotas ir pritaikytas kasdieniam naudojimui, tod\u0117l idealiai tinka ir nuotoliniam darbui. Pagrindinis dizaino privalumas \u2013 platus vir\u0161us, u\u017etikrinantis patog\u0173 naudojim\u0105.<\/p>","protected":false},"excerpt":{"rendered":"<p>TERNI 10 ra\u0161omasis stalas \u2013 puikus sprendimas tiek paauglio kampeliui, tiek asmeniniam biurui \u012frengti. Dizainas yra visi\u0161kai subalansuotas ir pritaikytas kasdieniam naudojimui, tod\u0117l idealiai tinka ir nuotoliniam darbui. Pagrindinis dizaino privalumas \u2013 platus stalvir\u0161is, u\u017etikrinantis patog\u0173 naudojim\u0105.<\/p>","protected":false},"featured_media":96846,"comment_status":"open","ping_status":"open","template":"","meta":[],"product_brand":[],"product_cat":[9239,1312,2255],"product_tag":[],"class_list":{"0":"post-96845","1":"product","2":"type-product","3":"status-publish","4":"has-post-thumbnail","6":"product_cat-furniture-system-terni-ml-meble","7":"product_cat-desks","8":"product_cat-ml-meble","10":"first","11":"instock","12":"purchasable","13":"product-type-simple"},"_links":{"self":[{"href":"https:\/\/baldumarket.lt\/lt\/wp-json\/wp\/v2\/product\/96845","targetHints":{"allow":["GET"]}}],"collection":[{"href":"https:\/\/baldumarket.lt\/lt\/wp-json\/wp\/v2\/product"}],"about":[{"href":"https:\/\/baldumarket.lt\/lt\/wp-json\/wp\/v2\/types\/product"}],"replies":[{"embeddable":true,"href":"https:\/\/baldumarket.lt\/lt\/wp-json\/wp\/v2\/comments?post=96845"}],"wp:featuredmedia":[{"embeddable":true,"href":"https:\/\/baldumarket.lt\/lt\/wp-json\/wp\/v2\/media\/96846"}],"wp:attachment":[{"href":"https:\/\/baldumarket.lt\/lt\/wp-json\/wp\/v2\/media?parent=96845"}],"wp:term":[{"taxonomy":"product_brand","embeddable":true,"href":"https:\/\/baldumarket.lt\/lt\/wp-json\/wp\/v2\/product_brand?post=96845"},{"taxonomy":"product_cat","embeddable":true,"href":"https:\/\/baldumarket.lt\/lt\/wp-json\/wp\/v2\/product_cat?post=96845"},{"taxonomy":"product_tag","embeddable":true,"href":"https:\/\/baldumarket.lt\/lt\/wp-json\/wp\/v2\/product_tag?post=96845"}],"curies":[{"name":"wp","href":"https:\/\/api.w.org\/{rel}","templated":true}]}}