{"id":96839,"date":"2025-12-05T16:15:41","date_gmt":"2025-12-05T13:15:41","guid":{"rendered":"https:\/\/baldumarket.lt\/product\/terni-09-szary-srebrny-polka\/"},"modified":"2026-02-03T23:53:38","modified_gmt":"2026-02-03T20:53:38","slug":"terni-09-szary-srebrny-polka","status":"publish","type":"product","link":"https:\/\/baldumarket.lt\/lt\/product\/terni-09-szary-srebrny-polka\/","title":{"rendered":"Terni 09 pilkai sidabrin\u0117 &#8211; Lentyna"},"content":{"rendered":"<p>Pakabinama lentyna TERNI 09 yra vienas i\u0161 m\u016bs\u0173 universaliausi\u0173 bald\u0173, puikiai tinkantis bet kokiam kambariui.<\/p>\n<p>\u0160i stilinga TERNI lentyna puikiai dera su kitais kolekcijos gaminiais.<\/p>","protected":false},"excerpt":{"rendered":"<p>Pakabinama lentyna TERNI 09 yra vienas universaliausi\u0173 m\u016bs\u0173 bald\u0173, puikiai tinkantis bet kokiam kambariui. \u0160i stilinga TERNI lentyna puikiai papildo kitus kolekcijos baldus.<\/p>","protected":false},"featured_media":96840,"comment_status":"open","ping_status":"open","template":"","meta":[],"product_brand":[],"product_cat":[9239,1174,2255],"product_tag":[],"class_list":{"0":"post-96839","1":"product","2":"type-product","3":"status-publish","4":"has-post-thumbnail","6":"product_cat-furniture-system-terni-ml-meble","7":"product_cat-hanging-shelves","8":"product_cat-ml-meble","10":"first","11":"instock","12":"purchasable","13":"product-type-simple"},"_links":{"self":[{"href":"https:\/\/baldumarket.lt\/lt\/wp-json\/wp\/v2\/product\/96839","targetHints":{"allow":["GET"]}}],"collection":[{"href":"https:\/\/baldumarket.lt\/lt\/wp-json\/wp\/v2\/product"}],"about":[{"href":"https:\/\/baldumarket.lt\/lt\/wp-json\/wp\/v2\/types\/product"}],"replies":[{"embeddable":true,"href":"https:\/\/baldumarket.lt\/lt\/wp-json\/wp\/v2\/comments?post=96839"}],"wp:featuredmedia":[{"embeddable":true,"href":"https:\/\/baldumarket.lt\/lt\/wp-json\/wp\/v2\/media\/96840"}],"wp:attachment":[{"href":"https:\/\/baldumarket.lt\/lt\/wp-json\/wp\/v2\/media?parent=96839"}],"wp:term":[{"taxonomy":"product_brand","embeddable":true,"href":"https:\/\/baldumarket.lt\/lt\/wp-json\/wp\/v2\/product_brand?post=96839"},{"taxonomy":"product_cat","embeddable":true,"href":"https:\/\/baldumarket.lt\/lt\/wp-json\/wp\/v2\/product_cat?post=96839"},{"taxonomy":"product_tag","embeddable":true,"href":"https:\/\/baldumarket.lt\/lt\/wp-json\/wp\/v2\/product_tag?post=96839"}],"curies":[{"name":"wp","href":"https:\/\/api.w.org\/{rel}","templated":true}]}}