{"id":96831,"date":"2025-12-05T16:15:34","date_gmt":"2025-12-05T13:15:34","guid":{"rendered":"https:\/\/baldumarket.lt\/product\/terni-08-szary-srebrny-szafka-rtv\/"},"modified":"2026-02-03T23:53:38","modified_gmt":"2026-02-03T20:53:38","slug":"terni-08-szary-srebrny-szafka-rtv","status":"publish","type":"product","link":"https:\/\/baldumarket.lt\/lt\/product\/terni-08-szary-srebrny-szafka-rtv\/","title":{"rendered":"Terni 08 pilkai sidabrin\u0117 \u2013 TV spintel\u0117"},"content":{"rendered":"<p>TERNI 08 televizoriaus staliukas si\u016blo puiki\u0105 viet\u0105 j\u016bs\u0173 televizoriui, kuris tikrai bus puikus kompanionas visai \u0161eimai vakaro \u017ei\u016br\u0117jimo metu.<\/p>\n<p>D\u0117l savo erdvumo stovas puikiai tinka televizoriaus ar konsol\u0117s priedams laikyti.<\/p>","protected":false},"excerpt":{"rendered":"<p>TERNI 08 televizoriaus staliukas puikiai tiks j\u016bs\u0173 televizoriui \u2013 jis tikrai bus puikus kompanionas visai \u0161eimai vakaro \u017ei\u016br\u0117jimo metu. D\u0117l savo erdvumo staliukas puikiai tinka televizoriaus ar konsol\u0117s priedams laikyti.<\/p>","protected":false},"featured_media":96832,"comment_status":"open","ping_status":"open","template":"","meta":[],"product_brand":[],"product_cat":[9239,2255,1175],"product_tag":[],"class_list":{"0":"post-96831","1":"product","2":"type-product","3":"status-publish","4":"has-post-thumbnail","6":"product_cat-furniture-system-terni-ml-meble","7":"product_cat-ml-meble","8":"product_cat-tv-stands","10":"first","11":"instock","12":"purchasable","13":"product-type-simple"},"_links":{"self":[{"href":"https:\/\/baldumarket.lt\/lt\/wp-json\/wp\/v2\/product\/96831","targetHints":{"allow":["GET"]}}],"collection":[{"href":"https:\/\/baldumarket.lt\/lt\/wp-json\/wp\/v2\/product"}],"about":[{"href":"https:\/\/baldumarket.lt\/lt\/wp-json\/wp\/v2\/types\/product"}],"replies":[{"embeddable":true,"href":"https:\/\/baldumarket.lt\/lt\/wp-json\/wp\/v2\/comments?post=96831"}],"wp:featuredmedia":[{"embeddable":true,"href":"https:\/\/baldumarket.lt\/lt\/wp-json\/wp\/v2\/media\/96832"}],"wp:attachment":[{"href":"https:\/\/baldumarket.lt\/lt\/wp-json\/wp\/v2\/media?parent=96831"}],"wp:term":[{"taxonomy":"product_brand","embeddable":true,"href":"https:\/\/baldumarket.lt\/lt\/wp-json\/wp\/v2\/product_brand?post=96831"},{"taxonomy":"product_cat","embeddable":true,"href":"https:\/\/baldumarket.lt\/lt\/wp-json\/wp\/v2\/product_cat?post=96831"},{"taxonomy":"product_tag","embeddable":true,"href":"https:\/\/baldumarket.lt\/lt\/wp-json\/wp\/v2\/product_tag?post=96831"}],"curies":[{"name":"wp","href":"https:\/\/api.w.org\/{rel}","templated":true}]}}