{"id":96822,"date":"2025-12-05T16:15:26","date_gmt":"2025-12-05T13:15:26","guid":{"rendered":"https:\/\/baldumarket.lt\/product\/glamour-05-01-bialy-alpejski-konsola\/"},"modified":"2026-02-03T23:53:38","modified_gmt":"2026-02-03T20:53:38","slug":"glamour-05-01-bialy-alpejski-konsola","status":"publish","type":"product","link":"https:\/\/baldumarket.lt\/lt\/product\/glamour-05-01-bialy-alpejski-konsola\/","title":{"rendered":"GLAMOUR 05-01 alpi\u0173 balta konsol\u0117"},"content":{"rendered":"<p>Kiekvienai moderniai ir nepriklausomai moteriai reikia savo erdv\u0117s gro\u017eiui ir makia\u017eui. M\u016bs\u0173 kosmetinis staliukas GLAMOUR 05-01 buvo sukurtas b\u016btent \u0161iam poreikiui patenkinti.<\/p>\n<p>Jei reikia, j\u012f galima transformuoti, pavyzd\u017eiui, \u012f ra\u0161om\u0105j\u012f stal\u0105.<\/p>","protected":false},"excerpt":{"rendered":"<p>Kiekvienai moderniai ir nepriklausomai moteriai reikia savo erdv\u0117s gro\u017eiui ir makia\u017eui. M\u016bs\u0173 GLAMOUR 05-01 kosmetinis staliukas buvo sukurtas b\u016btent \u0161iam poreikiui patenkinti. Prireikus j\u012f galima transformuoti, pavyzd\u017eiui, \u012f ra\u0161om\u0105j\u012f stal\u0105.<\/p>","protected":false},"featured_media":96823,"comment_status":"open","ping_status":"open","template":"","meta":[],"product_brand":[],"product_cat":[9250,1237,2255],"product_tag":[],"class_list":{"0":"post-96822","1":"product","2":"type-product","3":"status-publish","4":"has-post-thumbnail","6":"product_cat-furniture-system-goldin-ml-meble","7":"product_cat-dressing-tables","8":"product_cat-ml-meble","10":"first","11":"instock","12":"purchasable","13":"product-type-simple"},"_links":{"self":[{"href":"https:\/\/baldumarket.lt\/lt\/wp-json\/wp\/v2\/product\/96822","targetHints":{"allow":["GET"]}}],"collection":[{"href":"https:\/\/baldumarket.lt\/lt\/wp-json\/wp\/v2\/product"}],"about":[{"href":"https:\/\/baldumarket.lt\/lt\/wp-json\/wp\/v2\/types\/product"}],"replies":[{"embeddable":true,"href":"https:\/\/baldumarket.lt\/lt\/wp-json\/wp\/v2\/comments?post=96822"}],"wp:featuredmedia":[{"embeddable":true,"href":"https:\/\/baldumarket.lt\/lt\/wp-json\/wp\/v2\/media\/96823"}],"wp:attachment":[{"href":"https:\/\/baldumarket.lt\/lt\/wp-json\/wp\/v2\/media?parent=96822"}],"wp:term":[{"taxonomy":"product_brand","embeddable":true,"href":"https:\/\/baldumarket.lt\/lt\/wp-json\/wp\/v2\/product_brand?post=96822"},{"taxonomy":"product_cat","embeddable":true,"href":"https:\/\/baldumarket.lt\/lt\/wp-json\/wp\/v2\/product_cat?post=96822"},{"taxonomy":"product_tag","embeddable":true,"href":"https:\/\/baldumarket.lt\/lt\/wp-json\/wp\/v2\/product_tag?post=96822"}],"curies":[{"name":"wp","href":"https:\/\/api.w.org\/{rel}","templated":true}]}}