{"id":96818,"date":"2025-12-05T16:15:21","date_gmt":"2025-12-05T13:15:21","guid":{"rendered":"https:\/\/baldumarket.lt\/product\/nevio-08-dab-artisan-lustro\/"},"modified":"2026-02-03T23:53:38","modified_gmt":"2026-02-03T20:53:38","slug":"nevio-08-dab-artisan-lustro","status":"publish","type":"product","link":"https:\/\/baldumarket.lt\/lt\/product\/nevio-08-dab-artisan-lustro\/","title":{"rendered":"Nevio 08 Artisan Oak &#8211; Veidrodis"},"content":{"rendered":"<p>NEVIO 08 veidrodis neabejotinai yra vienas svarbiausi\u0173 prie\u0161kambario element\u0173.<\/p>\n<p>Veidrod\u017eio r\u0117mas i\u0161 \u201eArtisan Oak\u201c medienos puikiai dera su kitais \u201eNEVIO\u201c sistemos elementais. Veidrod\u017eio tvirtinimo sistema yra labai stabili, o stiklas \u2013 sertifikuotas ir labai auk\u0161tos kokyb\u0117s.<\/p>","protected":false},"excerpt":{"rendered":"<p>\u201eNEVIO 08\u201c veidrodis neabejotinai yra vienas svarbiausi\u0173 prie\u0161kambario element\u0173. Veidrod\u017eio r\u0117mas i\u0161 \u201eArtisan Oak\u201c medienos puikiai dera su kitais \u201eNEVIO\u201c sistemos elementais. Veidrod\u017eio tvirtinimo sistema yra labai stabili, o stiklas \u2013 sertifikuotas ir labai auk\u0161tos kokyb\u0117s.<\/p>","protected":false},"featured_media":96819,"comment_status":"open","ping_status":"open","template":"","meta":[],"product_brand":[],"product_cat":[9244,1108,2255],"product_tag":[],"class_list":{"0":"post-96818","1":"product","2":"type-product","3":"status-publish","4":"has-post-thumbnail","6":"product_cat-furniture-system-nevio-ml-meble","7":"product_cat-mirrors","8":"product_cat-ml-meble","10":"first","11":"instock","12":"purchasable","13":"product-type-simple"},"_links":{"self":[{"href":"https:\/\/baldumarket.lt\/lt\/wp-json\/wp\/v2\/product\/96818","targetHints":{"allow":["GET"]}}],"collection":[{"href":"https:\/\/baldumarket.lt\/lt\/wp-json\/wp\/v2\/product"}],"about":[{"href":"https:\/\/baldumarket.lt\/lt\/wp-json\/wp\/v2\/types\/product"}],"replies":[{"embeddable":true,"href":"https:\/\/baldumarket.lt\/lt\/wp-json\/wp\/v2\/comments?post=96818"}],"wp:featuredmedia":[{"embeddable":true,"href":"https:\/\/baldumarket.lt\/lt\/wp-json\/wp\/v2\/media\/96819"}],"wp:attachment":[{"href":"https:\/\/baldumarket.lt\/lt\/wp-json\/wp\/v2\/media?parent=96818"}],"wp:term":[{"taxonomy":"product_brand","embeddable":true,"href":"https:\/\/baldumarket.lt\/lt\/wp-json\/wp\/v2\/product_brand?post=96818"},{"taxonomy":"product_cat","embeddable":true,"href":"https:\/\/baldumarket.lt\/lt\/wp-json\/wp\/v2\/product_cat?post=96818"},{"taxonomy":"product_tag","embeddable":true,"href":"https:\/\/baldumarket.lt\/lt\/wp-json\/wp\/v2\/product_tag?post=96818"}],"curies":[{"name":"wp","href":"https:\/\/api.w.org\/{rel}","templated":true}]}}