{"id":96807,"date":"2025-12-05T16:15:09","date_gmt":"2025-12-05T13:15:09","guid":{"rendered":"https:\/\/baldumarket.lt\/product\/nevio-06-dab-artisan-wieszak-tapierowany\/"},"modified":"2026-02-03T23:53:39","modified_gmt":"2026-02-03T20:53:39","slug":"nevio-06-dab-artisan-wieszak-tapierowany","status":"publish","type":"product","link":"https:\/\/baldumarket.lt\/lt\/product\/nevio-06-dab-artisan-wieszak-tapierowany\/","title":{"rendered":"\u201eNevio 06 Artisan Oak\u201c \u2013 mink\u0161ta pakaba"},"content":{"rendered":"<p>NEVIO 06 kabykla paltams yra labai \u012fdomus sprendimas vir\u0161utiniams drabu\u017eiams laikyti.<\/p>\n<p>Pagrindinis NEVIO palt\u0173 kabyklos privalumas yra galimyb\u0117 j\u0105 derinti su kitais kolekcijos gaminiais, sukuriant gra\u017e\u0173 ir funkcional\u0173 i\u0161d\u0117stym\u0105. Kabykla yra visi\u0161kai subalansuota, o tvirti tvirtinimo laikikliai leid\u017eia saugiai pakabinti net \u0161lapius ir sunkius paltus.<\/p>","protected":false},"excerpt":{"rendered":"<p>NEVIO 06 kabykla \u2013 labai \u012fdomus sprendimas vir\u0161utiniams drabu\u017eiams laikyti. Pagrindinis NEVIO kabyklos privalumas yra galimyb\u0117 j\u0105 derinti su kitais kolekcijos gaminiais, sukuriant gra\u017e\u0173 ir funkcional\u0173 i\u0161d\u0117stym\u0105. Kabykla yra visi\u0161kai subalansuota, o tvirti tvirtinimo laikikliai leid\u017eia saugiai pakabinti [\u2026]<\/p>","protected":false},"featured_media":96808,"comment_status":"open","ping_status":"open","template":"","meta":[],"product_brand":[],"product_cat":[9244,1931,2255],"product_tag":[],"class_list":{"0":"post-96807","1":"product","2":"type-product","3":"status-publish","4":"has-post-thumbnail","6":"product_cat-furniture-system-nevio-ml-meble","7":"product_cat-hangers","8":"product_cat-ml-meble","10":"first","11":"instock","12":"purchasable","13":"product-type-simple"},"_links":{"self":[{"href":"https:\/\/baldumarket.lt\/lt\/wp-json\/wp\/v2\/product\/96807","targetHints":{"allow":["GET"]}}],"collection":[{"href":"https:\/\/baldumarket.lt\/lt\/wp-json\/wp\/v2\/product"}],"about":[{"href":"https:\/\/baldumarket.lt\/lt\/wp-json\/wp\/v2\/types\/product"}],"replies":[{"embeddable":true,"href":"https:\/\/baldumarket.lt\/lt\/wp-json\/wp\/v2\/comments?post=96807"}],"wp:featuredmedia":[{"embeddable":true,"href":"https:\/\/baldumarket.lt\/lt\/wp-json\/wp\/v2\/media\/96808"}],"wp:attachment":[{"href":"https:\/\/baldumarket.lt\/lt\/wp-json\/wp\/v2\/media?parent=96807"}],"wp:term":[{"taxonomy":"product_brand","embeddable":true,"href":"https:\/\/baldumarket.lt\/lt\/wp-json\/wp\/v2\/product_brand?post=96807"},{"taxonomy":"product_cat","embeddable":true,"href":"https:\/\/baldumarket.lt\/lt\/wp-json\/wp\/v2\/product_cat?post=96807"},{"taxonomy":"product_tag","embeddable":true,"href":"https:\/\/baldumarket.lt\/lt\/wp-json\/wp\/v2\/product_tag?post=96807"}],"curies":[{"name":"wp","href":"https:\/\/api.w.org\/{rel}","templated":true}]}}