{"id":96798,"date":"2025-12-05T16:14:57","date_gmt":"2025-12-05T13:14:57","guid":{"rendered":"https:\/\/baldumarket.lt\/product\/nevio-05-dab-artisan-szafka-na-buty\/"},"modified":"2026-02-03T23:53:39","modified_gmt":"2026-02-03T20:53:39","slug":"nevio-05-dab-artisan-szafka-na-buty","status":"publish","type":"product","link":"https:\/\/baldumarket.lt\/lt\/product\/nevio-05-dab-artisan-szafka-na-buty\/","title":{"rendered":"Nevio 05 Artisan Oak &#8211; Bat\u0173 spintel\u0117"},"content":{"rendered":"<p>NEVIO 05 bat\u0173 spintel\u0117 yra ne\u012ftik\u0117tinai patogus sprendimas avalynei laikyti.<\/p>\n<p>Spintel\u0117 turi patogi\u0105 apmu\u0161t\u0105 s\u0117dyn\u0119 ir atviras bei u\u017edaras lentynas, leid\u017eian\u010dias greitai rasti m\u0117gstamiausius batus. Be to, auk\u0161tos spintel\u0117s kojel\u0117s leid\u017eia lengvai palaikyti \u0161var\u0105.<\/p>","protected":false},"excerpt":{"rendered":"<p>NEVIO 05 bat\u0173 spintel\u0117 \u2013 ne\u012ftik\u0117tinai patogus sprendimas avalynei laikyti. Spintel\u0117 turi patogi\u0105 apmu\u0161t\u0105 s\u0117dyn\u0119 ir atviras bei u\u017edaras lentynas, leid\u017eian\u010dias greitai rasti m\u0117gstamiausius batus. Be to, auk\u0161tos spintel\u0117s kojel\u0117s leid\u017eia lengvai palaikyti \u0161var\u0105.<\/p>","protected":false},"featured_media":96799,"comment_status":"open","ping_status":"open","template":"","meta":[],"product_brand":[],"product_cat":[9244,2255,1997],"product_tag":[],"class_list":{"0":"post-96798","1":"product","2":"type-product","3":"status-publish","4":"has-post-thumbnail","6":"product_cat-furniture-system-nevio-ml-meble","7":"product_cat-ml-meble","8":"product_cat-shoe-cabinets","10":"first","11":"instock","12":"purchasable","13":"product-type-simple"},"_links":{"self":[{"href":"https:\/\/baldumarket.lt\/lt\/wp-json\/wp\/v2\/product\/96798","targetHints":{"allow":["GET"]}}],"collection":[{"href":"https:\/\/baldumarket.lt\/lt\/wp-json\/wp\/v2\/product"}],"about":[{"href":"https:\/\/baldumarket.lt\/lt\/wp-json\/wp\/v2\/types\/product"}],"replies":[{"embeddable":true,"href":"https:\/\/baldumarket.lt\/lt\/wp-json\/wp\/v2\/comments?post=96798"}],"wp:featuredmedia":[{"embeddable":true,"href":"https:\/\/baldumarket.lt\/lt\/wp-json\/wp\/v2\/media\/96799"}],"wp:attachment":[{"href":"https:\/\/baldumarket.lt\/lt\/wp-json\/wp\/v2\/media?parent=96798"}],"wp:term":[{"taxonomy":"product_brand","embeddable":true,"href":"https:\/\/baldumarket.lt\/lt\/wp-json\/wp\/v2\/product_brand?post=96798"},{"taxonomy":"product_cat","embeddable":true,"href":"https:\/\/baldumarket.lt\/lt\/wp-json\/wp\/v2\/product_cat?post=96798"},{"taxonomy":"product_tag","embeddable":true,"href":"https:\/\/baldumarket.lt\/lt\/wp-json\/wp\/v2\/product_tag?post=96798"}],"curies":[{"name":"wp","href":"https:\/\/api.w.org\/{rel}","templated":true}]}}