{"id":96764,"date":"2025-12-05T16:14:26","date_gmt":"2025-12-05T13:14:26","guid":{"rendered":"https:\/\/baldumarket.lt\/product\/hyga-10-wieszak-tapicerowany\/"},"modified":"2026-02-03T23:53:39","modified_gmt":"2026-02-03T20:53:39","slug":"hyga-10-wieszak-tapicerowany","status":"publish","type":"product","link":"https:\/\/baldumarket.lt\/lt\/product\/hyga-10-wieszak-tapicerowany\/","title":{"rendered":"Hyga 10 mink\u0161tas pakabukas"},"content":{"rendered":"<p>Plati HYGA 10 kabykla paltams \u2013 labai \u012fdomus sprendimas vir\u0161utiniams drabu\u017eiams laikyti.<\/p>\n<p>Pagrindinis HYGA palt\u0173 kabyklos privalumas yra galimyb\u0117 j\u0105 derinti su kitais kolekcijos gaminiais, sukuriant gra\u017e\u0173 ir funkcional\u0173 i\u0161d\u0117stym\u0105. Kabykla yra visi\u0161kai subalansuota, o tvirti tvirtinimo laikikliai leid\u017eia be r\u016bpes\u010di\u0173 pakabinti net \u0161lapius ir sunkius paltus.<\/p>","protected":false},"excerpt":{"rendered":"<p>Plati HYGA 10 kabykla paltams \u2013 labai \u012fdomus sprendimas vir\u0161utiniams drabu\u017eiams laikyti. Pagrindinis HYGA kabyklos privalumas yra galimyb\u0117 j\u0105 derinti su kitais kolekcijos gaminiais, sukuriant gra\u017e\u0173 ir funkcional\u0173 i\u0161d\u0117stym\u0105. Kabykla yra visi\u0161kai subalansuota, o tvirti tvirtinimo laikikliai leid\u017eia pakabinti [\u2026]<\/p>","protected":false},"featured_media":96765,"comment_status":"open","ping_status":"open","template":"","meta":[],"product_brand":[],"product_cat":[1931,2255],"product_tag":[],"class_list":{"0":"post-96764","1":"product","2":"type-product","3":"status-publish","4":"has-post-thumbnail","6":"product_cat-hangers","7":"product_cat-ml-meble","9":"first","10":"instock","11":"purchasable","12":"product-type-simple"},"_links":{"self":[{"href":"https:\/\/baldumarket.lt\/lt\/wp-json\/wp\/v2\/product\/96764","targetHints":{"allow":["GET"]}}],"collection":[{"href":"https:\/\/baldumarket.lt\/lt\/wp-json\/wp\/v2\/product"}],"about":[{"href":"https:\/\/baldumarket.lt\/lt\/wp-json\/wp\/v2\/types\/product"}],"replies":[{"embeddable":true,"href":"https:\/\/baldumarket.lt\/lt\/wp-json\/wp\/v2\/comments?post=96764"}],"wp:featuredmedia":[{"embeddable":true,"href":"https:\/\/baldumarket.lt\/lt\/wp-json\/wp\/v2\/media\/96765"}],"wp:attachment":[{"href":"https:\/\/baldumarket.lt\/lt\/wp-json\/wp\/v2\/media?parent=96764"}],"wp:term":[{"taxonomy":"product_brand","embeddable":true,"href":"https:\/\/baldumarket.lt\/lt\/wp-json\/wp\/v2\/product_brand?post=96764"},{"taxonomy":"product_cat","embeddable":true,"href":"https:\/\/baldumarket.lt\/lt\/wp-json\/wp\/v2\/product_cat?post=96764"},{"taxonomy":"product_tag","embeddable":true,"href":"https:\/\/baldumarket.lt\/lt\/wp-json\/wp\/v2\/product_tag?post=96764"}],"curies":[{"name":"wp","href":"https:\/\/api.w.org\/{rel}","templated":true}]}}