{"id":96756,"date":"2025-12-05T16:14:17","date_gmt":"2025-12-05T13:14:17","guid":{"rendered":"https:\/\/baldumarket.lt\/product\/clermont-11-sosna-sniezna-rtv\/"},"modified":"2026-04-07T13:46:26","modified_gmt":"2026-04-07T10:46:26","slug":"clermont-11-sosna-sniezna-rtv","status":"publish","type":"product","link":"https:\/\/baldumarket.lt\/lt\/product\/clermont-11-sosna-sniezna-rtv\/","title":{"rendered":"KLERMONTAS 11 sniegin\u0117 pu\u0161is &#8211; RTV"},"content":{"rendered":"<p>\u201eCLERMONT 11\u201c televizoriaus staliukas \u2013 puiki vieta j\u016bs\u0173 televizoriui, kuris neabejotinai bus m\u0117gstamas visos \u0161eimos vakarini\u0173 \u017ei\u016br\u0117jimo metu.<\/p>\n<p>Su u\u017erakinamais stal\u010diais ir atviromis ni\u0161omis stovas yra puiki vieta laikyti televizoriaus ar konsol\u0117s priedus.<\/p>","protected":false},"excerpt":{"rendered":"<p>\u201eCLERMONT 11\u201c televizoriaus staliukas \u2013 puiki vieta j\u016bs\u0173 televizoriui, kuris vakaro \u017ei\u016br\u0117jimo metu tikrai bus visos \u0161eimos m\u0117gstamiausias. Su u\u017erakinamais stal\u010diais ir atviromis ni\u0161omis, staliukas yra puiki vieta laikyti televizoriaus ar konsol\u0117s priedus.<\/p>","protected":false},"featured_media":96757,"comment_status":"open","ping_status":"open","template":"","meta":[],"product_brand":[],"product_cat":[2255,9229,1175],"product_tag":[],"class_list":{"0":"post-96756","1":"product","2":"type-product","3":"status-publish","4":"has-post-thumbnail","6":"product_cat-ml-meble","7":"product_cat-furniture-system-clermont","8":"product_cat-tv-stands","10":"first","11":"instock","12":"purchasable","13":"product-type-simple"},"_links":{"self":[{"href":"https:\/\/baldumarket.lt\/lt\/wp-json\/wp\/v2\/product\/96756","targetHints":{"allow":["GET"]}}],"collection":[{"href":"https:\/\/baldumarket.lt\/lt\/wp-json\/wp\/v2\/product"}],"about":[{"href":"https:\/\/baldumarket.lt\/lt\/wp-json\/wp\/v2\/types\/product"}],"replies":[{"embeddable":true,"href":"https:\/\/baldumarket.lt\/lt\/wp-json\/wp\/v2\/comments?post=96756"}],"wp:featuredmedia":[{"embeddable":true,"href":"https:\/\/baldumarket.lt\/lt\/wp-json\/wp\/v2\/media\/96757"}],"wp:attachment":[{"href":"https:\/\/baldumarket.lt\/lt\/wp-json\/wp\/v2\/media?parent=96756"}],"wp:term":[{"taxonomy":"product_brand","embeddable":true,"href":"https:\/\/baldumarket.lt\/lt\/wp-json\/wp\/v2\/product_brand?post=96756"},{"taxonomy":"product_cat","embeddable":true,"href":"https:\/\/baldumarket.lt\/lt\/wp-json\/wp\/v2\/product_cat?post=96756"},{"taxonomy":"product_tag","embeddable":true,"href":"https:\/\/baldumarket.lt\/lt\/wp-json\/wp\/v2\/product_tag?post=96756"}],"curies":[{"name":"wp","href":"https:\/\/api.w.org\/{rel}","templated":true}]}}