{"id":96742,"date":"2025-12-05T16:14:01","date_gmt":"2025-12-05T13:14:01","guid":{"rendered":"https:\/\/baldumarket.lt\/product\/glamour-07-bialy-alpejski-szafka-nocna\/"},"modified":"2026-02-03T23:53:40","modified_gmt":"2026-02-03T20:53:40","slug":"glamour-07-bialy-alpejski-szafka-nocna","status":"publish","type":"product","link":"https:\/\/baldumarket.lt\/lt\/product\/glamour-07-bialy-alpejski-szafka-nocna\/","title":{"rendered":"GLAMOUR 07 alpin\u0117 balta \u2013 naktinis staliukas"},"content":{"rendered":"<p>Naktinis staliukas \u201eGLAMOUR 07\u201c \u2013 b\u016btinas bet kurio miegamojo atributas.<\/p>\n<p>Puiki apdaila ir eleganti\u0161ka spalva yra tik keli i\u0161 daugelio \u0161io dizaino privalum\u0173, kuris puikiai dera su kitais kolekcijos baldais.<\/p>","protected":false},"excerpt":{"rendered":"<p>\u201eGLAMOUR 07\u201c naktinis staliukas yra b\u016btinas bet kurio miegamojo atributas. Puiki apdaila ir eleganti\u0161ka spalva yra tik keli i\u0161 daugelio \u0161io dizaino privalum\u0173, kuris puikiai dera su kitais kolekcijos baldais.<\/p>","protected":false},"featured_media":96743,"comment_status":"open","ping_status":"open","template":"","meta":[],"product_brand":[],"product_cat":[9250,1176,2255],"product_tag":[],"class_list":{"0":"post-96742","1":"product","2":"type-product","3":"status-publish","4":"has-post-thumbnail","6":"product_cat-furniture-system-goldin-ml-meble","7":"product_cat-bedside-tables","8":"product_cat-ml-meble","10":"first","11":"instock","12":"purchasable","13":"product-type-simple"},"_links":{"self":[{"href":"https:\/\/baldumarket.lt\/lt\/wp-json\/wp\/v2\/product\/96742","targetHints":{"allow":["GET"]}}],"collection":[{"href":"https:\/\/baldumarket.lt\/lt\/wp-json\/wp\/v2\/product"}],"about":[{"href":"https:\/\/baldumarket.lt\/lt\/wp-json\/wp\/v2\/types\/product"}],"replies":[{"embeddable":true,"href":"https:\/\/baldumarket.lt\/lt\/wp-json\/wp\/v2\/comments?post=96742"}],"wp:featuredmedia":[{"embeddable":true,"href":"https:\/\/baldumarket.lt\/lt\/wp-json\/wp\/v2\/media\/96743"}],"wp:attachment":[{"href":"https:\/\/baldumarket.lt\/lt\/wp-json\/wp\/v2\/media?parent=96742"}],"wp:term":[{"taxonomy":"product_brand","embeddable":true,"href":"https:\/\/baldumarket.lt\/lt\/wp-json\/wp\/v2\/product_brand?post=96742"},{"taxonomy":"product_cat","embeddable":true,"href":"https:\/\/baldumarket.lt\/lt\/wp-json\/wp\/v2\/product_cat?post=96742"},{"taxonomy":"product_tag","embeddable":true,"href":"https:\/\/baldumarket.lt\/lt\/wp-json\/wp\/v2\/product_tag?post=96742"}],"curies":[{"name":"wp","href":"https:\/\/api.w.org\/{rel}","templated":true}]}}