{"id":96718,"date":"2025-12-05T16:13:37","date_gmt":"2025-12-05T13:13:37","guid":{"rendered":"https:\/\/baldumarket.lt\/product\/glamour-03-bialy-alpejski-rtv\/"},"modified":"2026-02-03T23:53:40","modified_gmt":"2026-02-03T20:53:40","slug":"glamour-03-bialy-alpejski-rtv","status":"publish","type":"product","link":"https:\/\/baldumarket.lt\/lt\/product\/glamour-03-bialy-alpejski-rtv\/","title":{"rendered":"GLAMOUR 03 Alpi\u0173 balta &#8211; RTV"},"content":{"rendered":"<p>\u201eGLAMOUR 03\u201c televizoriaus staliukas \u2013 puiki vieta j\u016bs\u0173 televizoriui, kuris neabejotinai taps puikiu palydovu visai \u0161eimai vakaro \u017ei\u016br\u0117jimo metu.<\/p>\n<p>D\u0117l savo erdvumo stovas puikiai tinka televizoriaus ar konsol\u0117s priedams laikyti.<\/p>","protected":false},"excerpt":{"rendered":"<p>GLAMOUR 03 televizoriaus staliukas \u2013 puiki vieta j\u016bs\u0173 televizoriui, kuris neabejotinai taps puikiu kompanionu visai \u0161eimai vakaro \u017ei\u016br\u0117jimo metu. D\u0117l savo erdvumo staliukas puikiai tinka televizoriaus ar konsol\u0117s priedams laikyti.<\/p>","protected":false},"featured_media":96719,"comment_status":"open","ping_status":"open","template":"","meta":[],"product_brand":[],"product_cat":[9250,2255,1175],"product_tag":[],"class_list":{"0":"post-96718","1":"product","2":"type-product","3":"status-publish","4":"has-post-thumbnail","6":"product_cat-furniture-system-goldin-ml-meble","7":"product_cat-ml-meble","8":"product_cat-tv-stands","10":"first","11":"instock","12":"purchasable","13":"product-type-simple"},"_links":{"self":[{"href":"https:\/\/baldumarket.lt\/lt\/wp-json\/wp\/v2\/product\/96718","targetHints":{"allow":["GET"]}}],"collection":[{"href":"https:\/\/baldumarket.lt\/lt\/wp-json\/wp\/v2\/product"}],"about":[{"href":"https:\/\/baldumarket.lt\/lt\/wp-json\/wp\/v2\/types\/product"}],"replies":[{"embeddable":true,"href":"https:\/\/baldumarket.lt\/lt\/wp-json\/wp\/v2\/comments?post=96718"}],"wp:featuredmedia":[{"embeddable":true,"href":"https:\/\/baldumarket.lt\/lt\/wp-json\/wp\/v2\/media\/96719"}],"wp:attachment":[{"href":"https:\/\/baldumarket.lt\/lt\/wp-json\/wp\/v2\/media?parent=96718"}],"wp:term":[{"taxonomy":"product_brand","embeddable":true,"href":"https:\/\/baldumarket.lt\/lt\/wp-json\/wp\/v2\/product_brand?post=96718"},{"taxonomy":"product_cat","embeddable":true,"href":"https:\/\/baldumarket.lt\/lt\/wp-json\/wp\/v2\/product_cat?post=96718"},{"taxonomy":"product_tag","embeddable":true,"href":"https:\/\/baldumarket.lt\/lt\/wp-json\/wp\/v2\/product_tag?post=96718"}],"curies":[{"name":"wp","href":"https:\/\/api.w.org\/{rel}","templated":true}]}}