{"id":96715,"date":"2025-12-05T16:13:33","date_gmt":"2025-12-05T13:13:33","guid":{"rendered":"https:\/\/baldumarket.lt\/product\/artis-13-dab-artisan-lawostolik\/"},"modified":"2026-04-07T14:47:46","modified_gmt":"2026-04-07T11:47:46","slug":"artis-13-dab-artisan-lawostolik","status":"publish","type":"product","link":"https:\/\/baldumarket.lt\/lt\/product\/artis-13-dab-artisan-lawostolik\/","title":{"rendered":"ARTIS 13 \u0105\u017euolo spalvos kavos staliukas"},"content":{"rendered":"<p>Stalas ARTIS 13 lau\u017eo modernaus interjero stereotipus, siejamus vien su juodos ir baltos spalvos atspalviais.<\/p>\n<p>Stalas turi papildom\u0105 lentyn\u0105, puikiai tinkan\u010di\u0105 laikra\u0161\u010diams ar knygoms laikyti.<\/p>","protected":false},"excerpt":{"rendered":"<p>Stalas ARTIS 13 lau\u017eo modernaus interjero stereotipus, siejamus vien su juodos ir baltos spalvos atspalviais. Stalas turi papildom\u0105 lentyn\u0105, puikiai tinkan\u010di\u0105 laikra\u0161\u010diams ar knygoms laikyti.<\/p>","protected":false},"featured_media":96716,"comment_status":"open","ping_status":"open","template":"","meta":[],"product_brand":[],"product_cat":[866,2255,9222],"product_tag":[],"class_list":{"0":"post-96715","1":"product","2":"type-product","3":"status-publish","4":"has-post-thumbnail","6":"product_cat-coffee-tables","7":"product_cat-ml-meble","8":"product_cat-furniture-system-artis-ml-meble","10":"first","11":"instock","12":"purchasable","13":"product-type-simple"},"_links":{"self":[{"href":"https:\/\/baldumarket.lt\/lt\/wp-json\/wp\/v2\/product\/96715","targetHints":{"allow":["GET"]}}],"collection":[{"href":"https:\/\/baldumarket.lt\/lt\/wp-json\/wp\/v2\/product"}],"about":[{"href":"https:\/\/baldumarket.lt\/lt\/wp-json\/wp\/v2\/types\/product"}],"replies":[{"embeddable":true,"href":"https:\/\/baldumarket.lt\/lt\/wp-json\/wp\/v2\/comments?post=96715"}],"wp:featuredmedia":[{"embeddable":true,"href":"https:\/\/baldumarket.lt\/lt\/wp-json\/wp\/v2\/media\/96716"}],"wp:attachment":[{"href":"https:\/\/baldumarket.lt\/lt\/wp-json\/wp\/v2\/media?parent=96715"}],"wp:term":[{"taxonomy":"product_brand","embeddable":true,"href":"https:\/\/baldumarket.lt\/lt\/wp-json\/wp\/v2\/product_brand?post=96715"},{"taxonomy":"product_cat","embeddable":true,"href":"https:\/\/baldumarket.lt\/lt\/wp-json\/wp\/v2\/product_cat?post=96715"},{"taxonomy":"product_tag","embeddable":true,"href":"https:\/\/baldumarket.lt\/lt\/wp-json\/wp\/v2\/product_tag?post=96715"}],"curies":[{"name":"wp","href":"https:\/\/api.w.org\/{rel}","templated":true}]}}