{"id":96710,"date":"2025-12-05T16:13:27","date_gmt":"2025-12-05T13:13:27","guid":{"rendered":"https:\/\/baldumarket.lt\/product\/artis-12-dab-artisan-polka\/"},"modified":"2026-04-07T14:47:46","modified_gmt":"2026-04-07T11:47:46","slug":"artis-12-dab-artisan-polka","status":"publish","type":"product","link":"https:\/\/baldumarket.lt\/lt\/product\/artis-12-dab-artisan-polka\/","title":{"rendered":"ARTIS 12 \u0105\u017euolo spalvos rankin\u0117 lentyna"},"content":{"rendered":"<p>Pakabinama lentyna ARTIS 12 yra vienas universaliausi\u0173 m\u016bs\u0173 bald\u0173, puikiai tinkantis bet kokiam kambariui.<\/p>\n<p>Stilinga lentyna ARTIS puikiai dera su kitais kolekcijos baldais.<\/p>","protected":false},"excerpt":{"rendered":"<p>Pakabinama lentyna ARTIS 12 yra vienas universaliausi\u0173 m\u016bs\u0173 bald\u0173, puikiai tinkantis bet kokiam kambariui. Stilinga ARTIS lentyna puikiai dera su kitais kolekcijos baldais.<\/p>","protected":false},"featured_media":96711,"comment_status":"open","ping_status":"open","template":"","meta":[],"product_brand":[],"product_cat":[1174,2255,9222],"product_tag":[],"class_list":{"0":"post-96710","1":"product","2":"type-product","3":"status-publish","4":"has-post-thumbnail","6":"product_cat-hanging-shelves","7":"product_cat-ml-meble","8":"product_cat-furniture-system-artis-ml-meble","10":"first","11":"instock","12":"purchasable","13":"product-type-simple"},"_links":{"self":[{"href":"https:\/\/baldumarket.lt\/lt\/wp-json\/wp\/v2\/product\/96710","targetHints":{"allow":["GET"]}}],"collection":[{"href":"https:\/\/baldumarket.lt\/lt\/wp-json\/wp\/v2\/product"}],"about":[{"href":"https:\/\/baldumarket.lt\/lt\/wp-json\/wp\/v2\/types\/product"}],"replies":[{"embeddable":true,"href":"https:\/\/baldumarket.lt\/lt\/wp-json\/wp\/v2\/comments?post=96710"}],"wp:featuredmedia":[{"embeddable":true,"href":"https:\/\/baldumarket.lt\/lt\/wp-json\/wp\/v2\/media\/96711"}],"wp:attachment":[{"href":"https:\/\/baldumarket.lt\/lt\/wp-json\/wp\/v2\/media?parent=96710"}],"wp:term":[{"taxonomy":"product_brand","embeddable":true,"href":"https:\/\/baldumarket.lt\/lt\/wp-json\/wp\/v2\/product_brand?post=96710"},{"taxonomy":"product_cat","embeddable":true,"href":"https:\/\/baldumarket.lt\/lt\/wp-json\/wp\/v2\/product_cat?post=96710"},{"taxonomy":"product_tag","embeddable":true,"href":"https:\/\/baldumarket.lt\/lt\/wp-json\/wp\/v2\/product_tag?post=96710"}],"curies":[{"name":"wp","href":"https:\/\/api.w.org\/{rel}","templated":true}]}}