{"id":96702,"date":"2025-12-05T16:13:19","date_gmt":"2025-12-05T13:13:19","guid":{"rendered":"https:\/\/baldumarket.lt\/product\/artis-11-dab-artisan-rtv\/"},"modified":"2026-04-07T14:47:46","modified_gmt":"2026-04-07T11:47:46","slug":"artis-11-dab-artisan-rtv","status":"publish","type":"product","link":"https:\/\/baldumarket.lt\/lt\/product\/artis-11-dab-artisan-rtv\/","title":{"rendered":"ARTIS 11 meni\u0161ko \u0105\u017euolo grindys &#8211; RTV"},"content":{"rendered":"<p>ARTIS 11 televizoriaus staliukas si\u016blo puiki\u0105 viet\u0105 j\u016bs\u0173 televizoriui, kuris tikrai bus puikus kompanionas visai \u0161eimai vakaro \u017ei\u016br\u0117jimo metu.<\/p>\n<p>Su u\u017erakinamais stal\u010diais ir atviromis ni\u0161omis stovas yra puiki vieta laikyti televizoriaus ar konsol\u0117s priedus.<\/p>","protected":false},"excerpt":{"rendered":"<p>The ARTIS 11 TV stand offers the perfect location for your TV, which will surely be a great companion for the whole family during evening viewings. With its lockable drawers and open recesses, the stand is the perfect place to store TV or console accessories.<\/p>","protected":false},"featured_media":96703,"comment_status":"open","ping_status":"open","template":"","meta":[],"product_brand":[],"product_cat":[2255,9222,1175],"product_tag":[],"class_list":{"0":"post-96702","1":"product","2":"type-product","3":"status-publish","4":"has-post-thumbnail","6":"product_cat-ml-meble","7":"product_cat-furniture-system-artis-ml-meble","8":"product_cat-tv-stands","10":"first","11":"instock","12":"purchasable","13":"product-type-simple"},"_links":{"self":[{"href":"https:\/\/baldumarket.lt\/lt\/wp-json\/wp\/v2\/product\/96702","targetHints":{"allow":["GET"]}}],"collection":[{"href":"https:\/\/baldumarket.lt\/lt\/wp-json\/wp\/v2\/product"}],"about":[{"href":"https:\/\/baldumarket.lt\/lt\/wp-json\/wp\/v2\/types\/product"}],"replies":[{"embeddable":true,"href":"https:\/\/baldumarket.lt\/lt\/wp-json\/wp\/v2\/comments?post=96702"}],"wp:featuredmedia":[{"embeddable":true,"href":"https:\/\/baldumarket.lt\/lt\/wp-json\/wp\/v2\/media\/96703"}],"wp:attachment":[{"href":"https:\/\/baldumarket.lt\/lt\/wp-json\/wp\/v2\/media?parent=96702"}],"wp:term":[{"taxonomy":"product_brand","embeddable":true,"href":"https:\/\/baldumarket.lt\/lt\/wp-json\/wp\/v2\/product_brand?post=96702"},{"taxonomy":"product_cat","embeddable":true,"href":"https:\/\/baldumarket.lt\/lt\/wp-json\/wp\/v2\/product_cat?post=96702"},{"taxonomy":"product_tag","embeddable":true,"href":"https:\/\/baldumarket.lt\/lt\/wp-json\/wp\/v2\/product_tag?post=96702"}],"curies":[{"name":"wp","href":"https:\/\/api.w.org\/{rel}","templated":true}]}}