{"id":96679,"date":"2025-12-05T16:12:53","date_gmt":"2025-12-05T13:12:53","guid":{"rendered":"https:\/\/baldumarket.lt\/product\/blanco-14-01-sosna-sniezna-polka\/"},"modified":"2026-04-07T14:47:46","modified_gmt":"2026-04-07T11:47:46","slug":"blanco-14-01-sosna-sniezna-polka","status":"publish","type":"product","link":"https:\/\/baldumarket.lt\/lt\/product\/blanco-14-01-sosna-sniezna-polka\/","title":{"rendered":"BLANCO 14-01 sniegin\u0117 pu\u0161is \u2013 lentyna"},"content":{"rendered":"<p>Pakabinama lentyna BLANCO 14-01 yra vienas universaliausi\u0173 m\u016bs\u0173 bald\u0173, puikiai tinkantis bet kokiam kambariui.<\/p>\n<p>\u0160i stilinga BLANCO lentyna puikiai dera su kitais kolekcijos gaminiais.<\/p>","protected":false},"excerpt":{"rendered":"<p>Pakabinama lentyna BLANCO 14-01 yra vienas universaliausi\u0173 m\u016bs\u0173 bald\u0173, puikiai tinkantis bet kokiam kambariui. \u0160i stilinga BLANCO lentyna puikiai papildo kitus kolekcijos baldus.<\/p>","protected":false},"featured_media":96680,"comment_status":"open","ping_status":"open","template":"","meta":[],"product_brand":[],"product_cat":[1174,2255,9225],"product_tag":[],"class_list":{"0":"post-96679","1":"product","2":"type-product","3":"status-publish","4":"has-post-thumbnail","6":"product_cat-hanging-shelves","7":"product_cat-ml-meble","8":"product_cat-furniture-system-blanco-ml-meble","10":"first","11":"instock","12":"purchasable","13":"product-type-simple"},"_links":{"self":[{"href":"https:\/\/baldumarket.lt\/lt\/wp-json\/wp\/v2\/product\/96679","targetHints":{"allow":["GET"]}}],"collection":[{"href":"https:\/\/baldumarket.lt\/lt\/wp-json\/wp\/v2\/product"}],"about":[{"href":"https:\/\/baldumarket.lt\/lt\/wp-json\/wp\/v2\/types\/product"}],"replies":[{"embeddable":true,"href":"https:\/\/baldumarket.lt\/lt\/wp-json\/wp\/v2\/comments?post=96679"}],"wp:featuredmedia":[{"embeddable":true,"href":"https:\/\/baldumarket.lt\/lt\/wp-json\/wp\/v2\/media\/96680"}],"wp:attachment":[{"href":"https:\/\/baldumarket.lt\/lt\/wp-json\/wp\/v2\/media?parent=96679"}],"wp:term":[{"taxonomy":"product_brand","embeddable":true,"href":"https:\/\/baldumarket.lt\/lt\/wp-json\/wp\/v2\/product_brand?post=96679"},{"taxonomy":"product_cat","embeddable":true,"href":"https:\/\/baldumarket.lt\/lt\/wp-json\/wp\/v2\/product_cat?post=96679"},{"taxonomy":"product_tag","embeddable":true,"href":"https:\/\/baldumarket.lt\/lt\/wp-json\/wp\/v2\/product_tag?post=96679"}],"curies":[{"name":"wp","href":"https:\/\/api.w.org\/{rel}","templated":true}]}}