{"id":96653,"date":"2025-12-05T16:12:23","date_gmt":"2025-12-05T13:12:23","guid":{"rendered":"https:\/\/baldumarket.lt\/product\/fini-08-korpus-dab-artisan-front-bialy-wstawka-antracyt-biurko\/"},"modified":"2026-04-07T13:40:09","modified_gmt":"2026-04-07T10:40:09","slug":"fini-08-korpus-dab-artisan-front-bialy-wstawka-antracyt-biurko","status":"publish","type":"product","link":"https:\/\/baldumarket.lt\/lt\/product\/fini-08-korpus-dab-artisan-front-bialy-wstawka-antracyt-biurko\/","title":{"rendered":"FINI 08 \u0105\u017euolo spalvos korpusas \/ baltas priekis \/ antracito spalvos \u012fd\u0117klas \u2013 ra\u0161omasis stalas"},"content":{"rendered":"<p>FINI 08 ra\u0161omasis stalas yra universalus sprendimas, suderintas su unikaliu dizainu.<\/p>\n<p>\u0160is modelis suteikia daug darbo vietos d\u0117l plataus stalvir\u0161io ir \u012fvairi\u0173 biuro reikmen\u0173 laikymo vietos.<\/p>","protected":false},"excerpt":{"rendered":"<p>FINI 08 ra\u0161omasis stalas yra universalus sprendimas, pasi\u017eymintis unikaliu dizainu. \u0160is modelis suteikia daug darbo vietos d\u0117l plataus stalvir\u0161io ir vietos \u012fvairiems biuro reikmenims laikyti.<\/p>","protected":false},"featured_media":96654,"comment_status":"open","ping_status":"open","template":"","meta":[],"product_brand":[],"product_cat":[1312,2255,9233],"product_tag":[],"class_list":{"0":"post-96653","1":"product","2":"type-product","3":"status-publish","4":"has-post-thumbnail","6":"product_cat-desks","7":"product_cat-ml-meble","8":"product_cat-furniture-system-fini-ml-meble","10":"first","11":"instock","12":"purchasable","13":"product-type-simple"},"_links":{"self":[{"href":"https:\/\/baldumarket.lt\/lt\/wp-json\/wp\/v2\/product\/96653","targetHints":{"allow":["GET"]}}],"collection":[{"href":"https:\/\/baldumarket.lt\/lt\/wp-json\/wp\/v2\/product"}],"about":[{"href":"https:\/\/baldumarket.lt\/lt\/wp-json\/wp\/v2\/types\/product"}],"replies":[{"embeddable":true,"href":"https:\/\/baldumarket.lt\/lt\/wp-json\/wp\/v2\/comments?post=96653"}],"wp:featuredmedia":[{"embeddable":true,"href":"https:\/\/baldumarket.lt\/lt\/wp-json\/wp\/v2\/media\/96654"}],"wp:attachment":[{"href":"https:\/\/baldumarket.lt\/lt\/wp-json\/wp\/v2\/media?parent=96653"}],"wp:term":[{"taxonomy":"product_brand","embeddable":true,"href":"https:\/\/baldumarket.lt\/lt\/wp-json\/wp\/v2\/product_brand?post=96653"},{"taxonomy":"product_cat","embeddable":true,"href":"https:\/\/baldumarket.lt\/lt\/wp-json\/wp\/v2\/product_cat?post=96653"},{"taxonomy":"product_tag","embeddable":true,"href":"https:\/\/baldumarket.lt\/lt\/wp-json\/wp\/v2\/product_tag?post=96653"}],"curies":[{"name":"wp","href":"https:\/\/api.w.org\/{rel}","templated":true}]}}