{"id":96626,"date":"2025-12-05T16:11:57","date_gmt":"2025-12-05T13:11:57","guid":{"rendered":"https:\/\/baldumarket.lt\/product\/kendo-01-bialy-biurko\/"},"modified":"2026-02-03T23:53:40","modified_gmt":"2026-02-03T20:53:40","slug":"kendo-01-bialy-biurko","status":"publish","type":"product","link":"https:\/\/baldumarket.lt\/lt\/product\/kendo-01-bialy-biurko\/","title":{"rendered":"Kendo 01 \u2013 baltas \u2013 ra\u0161omasis stalas"},"content":{"rendered":"<p>KENDO 01 ra\u0161omasis stalas \u2013 puikus sprendimas tiek vaiko kampeliui, tiek savo biurui \u012frengti.<\/p>\n<p>Dizainas yra visi\u0161kai subalansuotas ir sukurtas kasdieniam naudojimui, tod\u0117l idealiai tinka nuotoliniam darbui.<\/p>","protected":false},"excerpt":{"rendered":"<p>KENDO 01 ra\u0161omasis stalas \u2013 puikus sprendimas tiek vaiko kambariui, tiek j\u016bs\u0173 paties biurui apstatyti. Dizainas yra visi\u0161kai subalansuotas ir pritaikytas kasdieniam naudojimui, tod\u0117l idealiai tinka nuotoliniam darbui.<\/p>","protected":false},"featured_media":96627,"comment_status":"open","ping_status":"open","template":"","meta":[],"product_brand":[],"product_cat":[9249,1312,2255],"product_tag":[],"class_list":{"0":"post-96626","1":"product","2":"type-product","3":"status-publish","4":"has-post-thumbnail","6":"product_cat-furniture-system-kendo-ml-meble","7":"product_cat-desks","8":"product_cat-ml-meble","10":"first","11":"instock","12":"purchasable","13":"product-type-simple"},"_links":{"self":[{"href":"https:\/\/baldumarket.lt\/lt\/wp-json\/wp\/v2\/product\/96626","targetHints":{"allow":["GET"]}}],"collection":[{"href":"https:\/\/baldumarket.lt\/lt\/wp-json\/wp\/v2\/product"}],"about":[{"href":"https:\/\/baldumarket.lt\/lt\/wp-json\/wp\/v2\/types\/product"}],"replies":[{"embeddable":true,"href":"https:\/\/baldumarket.lt\/lt\/wp-json\/wp\/v2\/comments?post=96626"}],"wp:featuredmedia":[{"embeddable":true,"href":"https:\/\/baldumarket.lt\/lt\/wp-json\/wp\/v2\/media\/96627"}],"wp:attachment":[{"href":"https:\/\/baldumarket.lt\/lt\/wp-json\/wp\/v2\/media?parent=96626"}],"wp:term":[{"taxonomy":"product_brand","embeddable":true,"href":"https:\/\/baldumarket.lt\/lt\/wp-json\/wp\/v2\/product_brand?post=96626"},{"taxonomy":"product_cat","embeddable":true,"href":"https:\/\/baldumarket.lt\/lt\/wp-json\/wp\/v2\/product_cat?post=96626"},{"taxonomy":"product_tag","embeddable":true,"href":"https:\/\/baldumarket.lt\/lt\/wp-json\/wp\/v2\/product_tag?post=96626"}],"curies":[{"name":"wp","href":"https:\/\/api.w.org\/{rel}","templated":true}]}}