{"id":96621,"date":"2025-12-05T16:11:47","date_gmt":"2025-12-05T13:11:47","guid":{"rendered":"https:\/\/baldumarket.lt\/product\/elmo-20-pudrowy-wstawka\/"},"modified":"2026-02-03T23:53:40","modified_gmt":"2026-02-03T20:53:40","slug":"elmo-20-pudrowy-wstawka","status":"publish","type":"product","link":"https:\/\/baldumarket.lt\/lt\/product\/elmo-20-pudrowy-wstawka\/","title":{"rendered":"Elmo 20 milteliai \u2013 \u012fd\u0117klas"},"content":{"rendered":"<p>Beveik kiekvienas ELMO sistemos baldas turi mobil\u0173 konteiner\u012f su kei\u010diamu priekiu.<\/p>\n<p>ELMO 20-001 priekin\u0117 dalis yra da\u017eyta milteliniu b\u016bdu ir gali b\u016bti pakeista baltu priekiu, kuris yra baziniame komplekte.<\/p>","protected":false},"excerpt":{"rendered":"<p>Beveik kiekvienas ELMO sistemos baldas turi mobil\u0173 konteiner\u012f su kei\u010diamu priekiu. ELMO 20-001 priekis yra da\u017eytas milteliniu b\u016bdu ir gali b\u016bti kei\u010diamas su baltu priekiu, esan\u010diu pagrindiniame komplekte.<\/p>","protected":false},"featured_media":96622,"comment_status":"open","ping_status":"open","template":"","meta":[],"product_brand":[],"product_cat":[1043,2255],"product_tag":[],"class_list":{"0":"post-96621","1":"product","2":"type-product","3":"status-publish","4":"has-post-thumbnail","6":"product_cat-extras","7":"product_cat-ml-meble","9":"first","10":"instock","11":"purchasable","12":"product-type-simple"},"_links":{"self":[{"href":"https:\/\/baldumarket.lt\/lt\/wp-json\/wp\/v2\/product\/96621","targetHints":{"allow":["GET"]}}],"collection":[{"href":"https:\/\/baldumarket.lt\/lt\/wp-json\/wp\/v2\/product"}],"about":[{"href":"https:\/\/baldumarket.lt\/lt\/wp-json\/wp\/v2\/types\/product"}],"replies":[{"embeddable":true,"href":"https:\/\/baldumarket.lt\/lt\/wp-json\/wp\/v2\/comments?post=96621"}],"wp:featuredmedia":[{"embeddable":true,"href":"https:\/\/baldumarket.lt\/lt\/wp-json\/wp\/v2\/media\/96622"}],"wp:attachment":[{"href":"https:\/\/baldumarket.lt\/lt\/wp-json\/wp\/v2\/media?parent=96621"}],"wp:term":[{"taxonomy":"product_brand","embeddable":true,"href":"https:\/\/baldumarket.lt\/lt\/wp-json\/wp\/v2\/product_brand?post=96621"},{"taxonomy":"product_cat","embeddable":true,"href":"https:\/\/baldumarket.lt\/lt\/wp-json\/wp\/v2\/product_cat?post=96621"},{"taxonomy":"product_tag","embeddable":true,"href":"https:\/\/baldumarket.lt\/lt\/wp-json\/wp\/v2\/product_tag?post=96621"}],"curies":[{"name":"wp","href":"https:\/\/api.w.org\/{rel}","templated":true}]}}