{"id":96575,"date":"2025-12-05T16:11:00","date_gmt":"2025-12-05T13:11:00","guid":{"rendered":"https:\/\/baldumarket.lt\/product\/hyga-09-sosna-sniezna-lustro\/"},"modified":"2026-02-03T23:53:40","modified_gmt":"2026-02-03T20:53:40","slug":"hyga-09-sosna-sniezna-lustro","status":"publish","type":"product","link":"https:\/\/baldumarket.lt\/lt\/product\/hyga-09-sosna-sniezna-lustro\/","title":{"rendered":"Hyga 09 sniegin\u0117 pu\u0161is \u2013 veidrodis"},"content":{"rendered":"<p>HYGA 09 veidrodis neabejotinai yra vienas svarbiausi\u0173 prie\u0161kambario element\u0173.<\/p>\n<p>Veidrod\u017eio r\u0117mas i\u0161 \u201eSnow Pine\u201c medienos puikiai dera su kitais HYGA sistemos elementais. Veidrod\u017eio tvirtinimo sistema yra labai stabili, o stiklas \u2013 sertifikuotas ir labai auk\u0161tos kokyb\u0117s.<\/p>","protected":false},"excerpt":{"rendered":"<p>HYGA 09 veidrodis neabejotinai yra vienas svarbiausi\u0173 prie\u0161kambario element\u0173. Veidrod\u017eio r\u0117mas, pagamintas i\u0161 \u201eSnow Pine\u201c spalvos, puikiai dera su kitais HYGA sistemos elementais. Veidrod\u017eio tvirtinimo sistema yra labai stabili, o stiklas \u2013 sertifikuotas ir labai auk\u0161tos kokyb\u0117s.<\/p>","protected":false},"featured_media":96576,"comment_status":"open","ping_status":"open","template":"","meta":[],"product_brand":[],"product_cat":[1043,2255],"product_tag":[],"class_list":{"0":"post-96575","1":"product","2":"type-product","3":"status-publish","4":"has-post-thumbnail","6":"product_cat-extras","7":"product_cat-ml-meble","9":"first","10":"instock","11":"purchasable","12":"product-type-simple"},"_links":{"self":[{"href":"https:\/\/baldumarket.lt\/lt\/wp-json\/wp\/v2\/product\/96575","targetHints":{"allow":["GET"]}}],"collection":[{"href":"https:\/\/baldumarket.lt\/lt\/wp-json\/wp\/v2\/product"}],"about":[{"href":"https:\/\/baldumarket.lt\/lt\/wp-json\/wp\/v2\/types\/product"}],"replies":[{"embeddable":true,"href":"https:\/\/baldumarket.lt\/lt\/wp-json\/wp\/v2\/comments?post=96575"}],"wp:featuredmedia":[{"embeddable":true,"href":"https:\/\/baldumarket.lt\/lt\/wp-json\/wp\/v2\/media\/96576"}],"wp:attachment":[{"href":"https:\/\/baldumarket.lt\/lt\/wp-json\/wp\/v2\/media?parent=96575"}],"wp:term":[{"taxonomy":"product_brand","embeddable":true,"href":"https:\/\/baldumarket.lt\/lt\/wp-json\/wp\/v2\/product_brand?post=96575"},{"taxonomy":"product_cat","embeddable":true,"href":"https:\/\/baldumarket.lt\/lt\/wp-json\/wp\/v2\/product_cat?post=96575"},{"taxonomy":"product_tag","embeddable":true,"href":"https:\/\/baldumarket.lt\/lt\/wp-json\/wp\/v2\/product_tag?post=96575"}],"curies":[{"name":"wp","href":"https:\/\/api.w.org\/{rel}","templated":true}]}}