{"id":96556,"date":"2025-12-05T16:10:42","date_gmt":"2025-12-05T13:10:42","guid":{"rendered":"https:\/\/baldumarket.lt\/product\/hyga-06-sosna-sniezna-antracyt-szafa\/"},"modified":"2026-02-03T23:53:41","modified_gmt":"2026-02-03T20:53:41","slug":"hyga-06-sosna-sniezna-antracyt-szafa","status":"publish","type":"product","link":"https:\/\/baldumarket.lt\/lt\/product\/hyga-06-sosna-sniezna-antracyt-szafa\/","title":{"rendered":"Hyga 06 sniego pu\u0161ies\/antracito spalvos spinta"},"content":{"rendered":"<p>Spinta HYGA 06 pasi\u017eymi paprastais, moderniais fasadais ir \u201eSnow Pine\u201c spalvos korpusu, kuris gra\u017eiai kontrastuoja su antracito spalvos elementais.<\/p>\n<p>D\u0117l erdvaus spintos dizaino drabu\u017ei\u0173, bat\u0173 ir aksesuar\u0173 laikymas nebebus i\u0161\u0161\u016bkis.<\/p>","protected":false},"excerpt":{"rendered":"<p>Spinta HYGA 06 pasi\u017eymi paprastais, moderniais fasadais ir \u201eSnow Pine\u201c spalvos korpusu, kuris gra\u017eiai kontrastuoja su antracito spalvos elementais. D\u0117l erdvaus spintos dizaino drabu\u017ei\u0173, bat\u0173 ir aksesuar\u0173 laikymas nebebus i\u0161\u0161\u016bkis.<\/p>","protected":false},"featured_media":96557,"comment_status":"open","ping_status":"open","template":"","meta":[],"product_brand":[],"product_cat":[2255,1177],"product_tag":[],"class_list":{"0":"post-96556","1":"product","2":"type-product","3":"status-publish","4":"has-post-thumbnail","6":"product_cat-ml-meble","7":"product_cat-wardrobes","9":"first","10":"instock","11":"purchasable","12":"product-type-simple"},"_links":{"self":[{"href":"https:\/\/baldumarket.lt\/lt\/wp-json\/wp\/v2\/product\/96556","targetHints":{"allow":["GET"]}}],"collection":[{"href":"https:\/\/baldumarket.lt\/lt\/wp-json\/wp\/v2\/product"}],"about":[{"href":"https:\/\/baldumarket.lt\/lt\/wp-json\/wp\/v2\/types\/product"}],"replies":[{"embeddable":true,"href":"https:\/\/baldumarket.lt\/lt\/wp-json\/wp\/v2\/comments?post=96556"}],"wp:featuredmedia":[{"embeddable":true,"href":"https:\/\/baldumarket.lt\/lt\/wp-json\/wp\/v2\/media\/96557"}],"wp:attachment":[{"href":"https:\/\/baldumarket.lt\/lt\/wp-json\/wp\/v2\/media?parent=96556"}],"wp:term":[{"taxonomy":"product_brand","embeddable":true,"href":"https:\/\/baldumarket.lt\/lt\/wp-json\/wp\/v2\/product_brand?post=96556"},{"taxonomy":"product_cat","embeddable":true,"href":"https:\/\/baldumarket.lt\/lt\/wp-json\/wp\/v2\/product_cat?post=96556"},{"taxonomy":"product_tag","embeddable":true,"href":"https:\/\/baldumarket.lt\/lt\/wp-json\/wp\/v2\/product_tag?post=96556"}],"curies":[{"name":"wp","href":"https:\/\/api.w.org\/{rel}","templated":true}]}}