{"id":96513,"date":"2025-12-05T16:10:00","date_gmt":"2025-12-05T13:10:00","guid":{"rendered":"https:\/\/baldumarket.lt\/product\/hyga-01-sosna-sniezna-antracyt-szafka\/"},"modified":"2026-04-07T15:01:08","modified_gmt":"2026-04-07T12:01:08","slug":"hyga-01-sosna-sniezna-antracyt-szafka","status":"publish","type":"product","link":"https:\/\/baldumarket.lt\/lt\/product\/hyga-01-sosna-sniezna-antracyt-szafka\/","title":{"rendered":"\u201eHyga 01\u201c sniego pu\u0161ies\/antracito spalvos spintel\u0117"},"content":{"rendered":"<p>Bat\u0173 spintel\u0117 HYGA 01 \u2013 tai apgalvotas sprendimas, kaip palaikyti tvark\u0105 prie\u0161kambaryje.<\/p>\n<p>Spintel\u0117 turi patogi\u0105 apmu\u0161t\u0105 s\u0117dyn\u0119 ir erdvi\u0105 bat\u0173 saugykl\u0105.<\/p>","protected":false},"excerpt":{"rendered":"<p>Bat\u0173 spintel\u0117 HYGA 01 \u2013 tai apgalvotas sprendimas, kaip palaikyti tvark\u0105 prie\u0161kambaryje. Spintel\u0117 pasi\u017eymi patogia apmu\u0161ta s\u0117dyne ir erdvia bat\u0173 saugykla.<\/p>","protected":false},"featured_media":96514,"comment_status":"open","ping_status":"open","template":"","meta":[],"product_brand":[],"product_cat":[2255,1997],"product_tag":[],"class_list":{"0":"post-96513","1":"product","2":"type-product","3":"status-publish","4":"has-post-thumbnail","6":"product_cat-ml-meble","7":"product_cat-shoe-cabinets","9":"first","10":"instock","11":"purchasable","12":"product-type-simple"},"_links":{"self":[{"href":"https:\/\/baldumarket.lt\/lt\/wp-json\/wp\/v2\/product\/96513","targetHints":{"allow":["GET"]}}],"collection":[{"href":"https:\/\/baldumarket.lt\/lt\/wp-json\/wp\/v2\/product"}],"about":[{"href":"https:\/\/baldumarket.lt\/lt\/wp-json\/wp\/v2\/types\/product"}],"replies":[{"embeddable":true,"href":"https:\/\/baldumarket.lt\/lt\/wp-json\/wp\/v2\/comments?post=96513"}],"wp:featuredmedia":[{"embeddable":true,"href":"https:\/\/baldumarket.lt\/lt\/wp-json\/wp\/v2\/media\/96514"}],"wp:attachment":[{"href":"https:\/\/baldumarket.lt\/lt\/wp-json\/wp\/v2\/media?parent=96513"}],"wp:term":[{"taxonomy":"product_brand","embeddable":true,"href":"https:\/\/baldumarket.lt\/lt\/wp-json\/wp\/v2\/product_brand?post=96513"},{"taxonomy":"product_cat","embeddable":true,"href":"https:\/\/baldumarket.lt\/lt\/wp-json\/wp\/v2\/product_cat?post=96513"},{"taxonomy":"product_tag","embeddable":true,"href":"https:\/\/baldumarket.lt\/lt\/wp-json\/wp\/v2\/product_tag?post=96513"}],"curies":[{"name":"wp","href":"https:\/\/api.w.org\/{rel}","templated":true}]}}