{"id":96499,"date":"2025-12-05T16:09:47","date_gmt":"2025-12-05T13:09:47","guid":{"rendered":"https:\/\/baldumarket.lt\/product\/lumens-10-beton-srebrny-bialy-polysk-lawostolik\/"},"modified":"2026-02-03T23:53:41","modified_gmt":"2026-02-03T20:53:41","slug":"lumens-10-beton-srebrny-bialy-polysk-lawostolik","status":"publish","type":"product","link":"https:\/\/baldumarket.lt\/lt\/produktas\/lumens-10-beton-srebrny-bialy-polysk-lawostolik\/","title":{"rendered":"LUMENS 10 betono sidabro\/blizgios baltos spalvos kavos staliukas"},"content":{"rendered":"<p>LUMENS 10 kavos staliukas puikiai papildys j\u016bs\u0173 svetain\u0119.<\/p>\n<p>Stalas turi papildom\u0105 lentyn\u0105, puikiai tinkan\u010di\u0105 tokiems daiktams kaip laikra\u0161\u010diai ar knygos laikyti.<\/p>","protected":false},"excerpt":{"rendered":"<p>LUMENS 10 kavos staliukas puikiai papildys j\u016bs\u0173 svetain\u0119. Stalas turi papildom\u0105 lentyn\u0105, puikiai tinkan\u010di\u0105 tokiems daiktams kaip laikra\u0161\u010diai ar knygos laikyti.<\/p>","protected":false},"featured_media":96500,"comment_status":"open","ping_status":"open","template":"","meta":[],"product_brand":[],"product_cat":[9247,2255,1934],"product_tag":[],"class_list":{"0":"post-96499","1":"product","2":"type-product","3":"status-publish","4":"has-post-thumbnail","6":"product_cat-furniture-system-lumens-ml-meble","7":"product_cat-ml-meble","8":"product_cat-tables","10":"first","11":"instock","12":"purchasable","13":"product-type-simple"},"_links":{"self":[{"href":"https:\/\/baldumarket.lt\/lt\/wp-json\/wp\/v2\/product\/96499","targetHints":{"allow":["GET"]}}],"collection":[{"href":"https:\/\/baldumarket.lt\/lt\/wp-json\/wp\/v2\/product"}],"about":[{"href":"https:\/\/baldumarket.lt\/lt\/wp-json\/wp\/v2\/types\/product"}],"replies":[{"embeddable":true,"href":"https:\/\/baldumarket.lt\/lt\/wp-json\/wp\/v2\/comments?post=96499"}],"wp:featuredmedia":[{"embeddable":true,"href":"https:\/\/baldumarket.lt\/lt\/wp-json\/wp\/v2\/media\/96500"}],"wp:attachment":[{"href":"https:\/\/baldumarket.lt\/lt\/wp-json\/wp\/v2\/media?parent=96499"}],"wp:term":[{"taxonomy":"product_brand","embeddable":true,"href":"https:\/\/baldumarket.lt\/lt\/wp-json\/wp\/v2\/product_brand?post=96499"},{"taxonomy":"product_cat","embeddable":true,"href":"https:\/\/baldumarket.lt\/lt\/wp-json\/wp\/v2\/product_cat?post=96499"},{"taxonomy":"product_tag","embeddable":true,"href":"https:\/\/baldumarket.lt\/lt\/wp-json\/wp\/v2\/product_tag?post=96499"}],"curies":[{"name":"wp","href":"https:\/\/api.w.org\/{rel}","templated":true}]}}