{"id":96489,"date":"2025-12-05T16:09:35","date_gmt":"2025-12-05T13:09:35","guid":{"rendered":"https:\/\/baldumarket.lt\/product\/blanco-20n-sosna-sniezna-mdf-new-grey-szafka-na-buty\/"},"modified":"2026-04-07T14:47:46","modified_gmt":"2026-04-07T11:47:46","slug":"blanco-20n-sosna-sniezna-mdf-new-grey-szafka-na-buty","status":"publish","type":"product","link":"https:\/\/baldumarket.lt\/lt\/produktas\/blanco-20n-sosna-sniezna-mdf-new-grey-szafka-na-buty\/","title":{"rendered":"BLANCO 20N sniego pu\u0161is\/MDF nauja pilka &#8211; bat\u0173 spintel\u0117"},"content":{"rendered":"<p>BLANCO 20N bat\u0173 spintel\u0117 \u2013 tai puikus universali\u0173 spalv\u0173 ir minimalistinio dizaino derinys.<\/p>\n<p>\u0160i spintel\u0117 pad\u0117s palaikyti tvark\u0105 j\u016bs\u0173 prie\u0161kambaryje.<\/p>","protected":false},"excerpt":{"rendered":"<p>The BLANCO 20N shoe cabinet is a perfect blend of versatile colors and minimalist design. This cabinet will help keep your hallway tidy.<\/p>","protected":false},"featured_media":96490,"comment_status":"open","ping_status":"open","template":"","meta":[],"product_brand":[],"product_cat":[2255,9225,1997],"product_tag":[],"class_list":{"0":"post-96489","1":"product","2":"type-product","3":"status-publish","4":"has-post-thumbnail","6":"product_cat-ml-meble","7":"product_cat-furniture-system-blanco-ml-meble","8":"product_cat-shoe-cabinets","10":"first","11":"instock","12":"purchasable","13":"product-type-simple"},"_links":{"self":[{"href":"https:\/\/baldumarket.lt\/lt\/wp-json\/wp\/v2\/product\/96489","targetHints":{"allow":["GET"]}}],"collection":[{"href":"https:\/\/baldumarket.lt\/lt\/wp-json\/wp\/v2\/product"}],"about":[{"href":"https:\/\/baldumarket.lt\/lt\/wp-json\/wp\/v2\/types\/product"}],"replies":[{"embeddable":true,"href":"https:\/\/baldumarket.lt\/lt\/wp-json\/wp\/v2\/comments?post=96489"}],"wp:featuredmedia":[{"embeddable":true,"href":"https:\/\/baldumarket.lt\/lt\/wp-json\/wp\/v2\/media\/96490"}],"wp:attachment":[{"href":"https:\/\/baldumarket.lt\/lt\/wp-json\/wp\/v2\/media?parent=96489"}],"wp:term":[{"taxonomy":"product_brand","embeddable":true,"href":"https:\/\/baldumarket.lt\/lt\/wp-json\/wp\/v2\/product_brand?post=96489"},{"taxonomy":"product_cat","embeddable":true,"href":"https:\/\/baldumarket.lt\/lt\/wp-json\/wp\/v2\/product_cat?post=96489"},{"taxonomy":"product_tag","embeddable":true,"href":"https:\/\/baldumarket.lt\/lt\/wp-json\/wp\/v2\/product_tag?post=96489"}],"curies":[{"name":"wp","href":"https:\/\/api.w.org\/{rel}","templated":true}]}}