{"id":96474,"date":"2025-12-05T16:09:19","date_gmt":"2025-12-05T13:09:19","guid":{"rendered":"https:\/\/baldumarket.lt\/product\/sdz-02n-01-siedzisko-tapicerowane\/"},"modified":"2026-02-03T23:53:41","modified_gmt":"2026-02-03T20:53:41","slug":"sdz-02n-01-siedzisko-tapicerowane","status":"publish","type":"product","link":"https:\/\/baldumarket.lt\/lt\/product\/sdz-02n-01-siedzisko-tapicerowane\/","title":{"rendered":"SDZ 02N-01 mink\u0161ta s\u0117dyn\u0117"},"content":{"rendered":"<p>Mink\u0161ta, aptraukta s\u0117dyn\u0117 \u017eemiems baldams. Dygsniuota eko odos tekst\u016bra suteiks bet kokiam interjerui modernumo.<\/p>","protected":false},"excerpt":{"rendered":"<p>Mink\u0161ta, aptraukta s\u0117dyn\u0117 \u017eemiems baldams. Dygsniuota eko odos tekst\u016bra suteiks bet kokiam interjerui modernumo.<\/p>","protected":false},"featured_media":96475,"comment_status":"open","ping_status":"open","template":"","meta":[],"product_brand":[],"product_cat":[9242,2255],"product_tag":[],"class_list":{"0":"post-96474","1":"product","2":"type-product","3":"status-publish","4":"has-post-thumbnail","6":"product_cat-different-products-ml-meble","7":"product_cat-ml-meble","9":"first","10":"instock","11":"purchasable","12":"product-type-simple"},"_links":{"self":[{"href":"https:\/\/baldumarket.lt\/lt\/wp-json\/wp\/v2\/product\/96474","targetHints":{"allow":["GET"]}}],"collection":[{"href":"https:\/\/baldumarket.lt\/lt\/wp-json\/wp\/v2\/product"}],"about":[{"href":"https:\/\/baldumarket.lt\/lt\/wp-json\/wp\/v2\/types\/product"}],"replies":[{"embeddable":true,"href":"https:\/\/baldumarket.lt\/lt\/wp-json\/wp\/v2\/comments?post=96474"}],"wp:featuredmedia":[{"embeddable":true,"href":"https:\/\/baldumarket.lt\/lt\/wp-json\/wp\/v2\/media\/96475"}],"wp:attachment":[{"href":"https:\/\/baldumarket.lt\/lt\/wp-json\/wp\/v2\/media?parent=96474"}],"wp:term":[{"taxonomy":"product_brand","embeddable":true,"href":"https:\/\/baldumarket.lt\/lt\/wp-json\/wp\/v2\/product_brand?post=96474"},{"taxonomy":"product_cat","embeddable":true,"href":"https:\/\/baldumarket.lt\/lt\/wp-json\/wp\/v2\/product_cat?post=96474"},{"taxonomy":"product_tag","embeddable":true,"href":"https:\/\/baldumarket.lt\/lt\/wp-json\/wp\/v2\/product_tag?post=96474"}],"curies":[{"name":"wp","href":"https:\/\/api.w.org\/{rel}","templated":true}]}}