{"id":96469,"date":"2025-12-05T16:09:11","date_gmt":"2025-12-05T13:09:11","guid":{"rendered":"https:\/\/baldumarket.lt\/product\/blanco-25n-wieszak-tapicerowany\/"},"modified":"2026-04-07T14:47:46","modified_gmt":"2026-04-07T11:47:46","slug":"blanco-25n-wieszak-tapicerowany","status":"publish","type":"product","link":"https:\/\/baldumarket.lt\/lt\/produktas\/blanco-25n-wieszak-tapicerowany\/","title":{"rendered":"BLANCO 25N \u2013 mink\u0161ta pakaba"},"content":{"rendered":"<p>BLANCO 25N kabykla paltams \u2013 labai \u012fdomus sprendimas vir\u0161utini\u0173 drabu\u017ei\u0173 laikymui.<\/p>\n<p>Pagrindinis BLANCO palt\u0173 kabyklos privalumas yra galimyb\u0117 j\u0105 derinti su kitais kolekcijos gaminiais, sukuriant gra\u017e\u0173 ir funkcional\u0173 i\u0161d\u0117stym\u0105. Kabykla yra visi\u0161kai subalansuota, o tvirti tvirtinimo laikikliai leid\u017eia be r\u016bpes\u010di\u0173 pakabinti net \u0161lapius ir sunkius paltus.<\/p>","protected":false},"excerpt":{"rendered":"<p>BLANCO 25N kabykla paltams \u2013 labai \u012fdomus sprendimas vir\u0161utini\u0173 drabu\u017ei\u0173 laikymui. Pagrindinis BLANCO kabyklos privalumas yra galimyb\u0117 j\u0105 derinti su kitais kolekcijos gaminiais, sukuriant gra\u017e\u0173 ir funkcional\u0173 i\u0161d\u0117stym\u0105. Kabykla yra visi\u0161kai subalansuota, o tvirti tvirtinimo laikikliai leid\u017eia pakabinti net [\u2026]<\/p>","protected":false},"featured_media":96470,"comment_status":"open","ping_status":"open","template":"","meta":[],"product_brand":[],"product_cat":[2255,9225,1137],"product_tag":[],"class_list":{"0":"post-96469","1":"product","2":"type-product","3":"status-publish","4":"has-post-thumbnail","6":"product_cat-ml-meble","7":"product_cat-furniture-system-blanco-ml-meble","8":"product_cat-upholstered-panels","10":"first","11":"instock","12":"purchasable","13":"product-type-simple"},"_links":{"self":[{"href":"https:\/\/baldumarket.lt\/lt\/wp-json\/wp\/v2\/product\/96469","targetHints":{"allow":["GET"]}}],"collection":[{"href":"https:\/\/baldumarket.lt\/lt\/wp-json\/wp\/v2\/product"}],"about":[{"href":"https:\/\/baldumarket.lt\/lt\/wp-json\/wp\/v2\/types\/product"}],"replies":[{"embeddable":true,"href":"https:\/\/baldumarket.lt\/lt\/wp-json\/wp\/v2\/comments?post=96469"}],"wp:featuredmedia":[{"embeddable":true,"href":"https:\/\/baldumarket.lt\/lt\/wp-json\/wp\/v2\/media\/96470"}],"wp:attachment":[{"href":"https:\/\/baldumarket.lt\/lt\/wp-json\/wp\/v2\/media?parent=96469"}],"wp:term":[{"taxonomy":"product_brand","embeddable":true,"href":"https:\/\/baldumarket.lt\/lt\/wp-json\/wp\/v2\/product_brand?post=96469"},{"taxonomy":"product_cat","embeddable":true,"href":"https:\/\/baldumarket.lt\/lt\/wp-json\/wp\/v2\/product_cat?post=96469"},{"taxonomy":"product_tag","embeddable":true,"href":"https:\/\/baldumarket.lt\/lt\/wp-json\/wp\/v2\/product_tag?post=96469"}],"curies":[{"name":"wp","href":"https:\/\/api.w.org\/{rel}","templated":true}]}}