{"id":96465,"date":"2025-12-05T16:09:08","date_gmt":"2025-12-05T13:09:08","guid":{"rendered":"https:\/\/baldumarket.lt\/product\/st-10301-sonoma-jasna-lawostolik\/"},"modified":"2026-02-03T23:53:41","modified_gmt":"2026-02-03T20:53:41","slug":"st-10301-sonoma-jasna-lawostolik","status":"publish","type":"product","link":"https:\/\/baldumarket.lt\/lt\/product\/st-10301-sonoma-jasna-lawostolik\/","title":{"rendered":"ST 10301 \u0161viesus sonoma \u2013 kavos staliukas"},"content":{"rendered":"<p>Klasikinis kavos staliukas, puikiai tinkantis m\u0117gautis rytine kava ir skaityti laikra\u0161t\u012f.<\/p>\n<p>Platus stalvir\u0161is puikiai tinka pasid\u0117ti m\u0117gstamas knygas, vaz\u0105 ar kri\u0161tolin\u012f duben\u012f.<\/p>","protected":false},"excerpt":{"rendered":"<p>Klasikinis kavos staliukas, puikiai tinkantis m\u0117gautis rytine kava ir skaityti laikra\u0161t\u012f. Platus stalvir\u0161is puikiai tinka pasid\u0117ti m\u0117gstamas knygas, vaz\u0105 ar kri\u0161tolin\u012f duben\u012f.<\/p>","protected":false},"featured_media":96466,"comment_status":"open","ping_status":"open","template":"","meta":[],"product_brand":[],"product_cat":[2255,1934],"product_tag":[],"class_list":{"0":"post-96465","1":"product","2":"type-product","3":"status-publish","4":"has-post-thumbnail","6":"product_cat-ml-meble","7":"product_cat-tables","9":"first","10":"instock","11":"purchasable","12":"product-type-simple"},"_links":{"self":[{"href":"https:\/\/baldumarket.lt\/lt\/wp-json\/wp\/v2\/product\/96465","targetHints":{"allow":["GET"]}}],"collection":[{"href":"https:\/\/baldumarket.lt\/lt\/wp-json\/wp\/v2\/product"}],"about":[{"href":"https:\/\/baldumarket.lt\/lt\/wp-json\/wp\/v2\/types\/product"}],"replies":[{"embeddable":true,"href":"https:\/\/baldumarket.lt\/lt\/wp-json\/wp\/v2\/comments?post=96465"}],"wp:featuredmedia":[{"embeddable":true,"href":"https:\/\/baldumarket.lt\/lt\/wp-json\/wp\/v2\/media\/96466"}],"wp:attachment":[{"href":"https:\/\/baldumarket.lt\/lt\/wp-json\/wp\/v2\/media?parent=96465"}],"wp:term":[{"taxonomy":"product_brand","embeddable":true,"href":"https:\/\/baldumarket.lt\/lt\/wp-json\/wp\/v2\/product_brand?post=96465"},{"taxonomy":"product_cat","embeddable":true,"href":"https:\/\/baldumarket.lt\/lt\/wp-json\/wp\/v2\/product_cat?post=96465"},{"taxonomy":"product_tag","embeddable":true,"href":"https:\/\/baldumarket.lt\/lt\/wp-json\/wp\/v2\/product_tag?post=96465"}],"curies":[{"name":"wp","href":"https:\/\/api.w.org\/{rel}","templated":true}]}}