{"id":96441,"date":"2025-12-05T16:08:46","date_gmt":"2025-12-05T13:08:46","guid":{"rendered":"https:\/\/baldumarket.lt\/product\/avo-05-sonoma-jasna-regal\/"},"modified":"2026-04-07T14:47:37","modified_gmt":"2026-04-07T11:47:37","slug":"avo-05-sonoma-jasna-regal","status":"publish","type":"product","link":"https:\/\/baldumarket.lt\/lt\/product\/avo-05-sonoma-jasna-regal\/","title":{"rendered":"Avo 05 sonoma \u0161viestuvas &#8211; lentyna"},"content":{"rendered":"<p>AVO 05 vitrina suteiks j\u016bs\u0173 interjerui gaivumo ir elegancijos.<\/p>\n<p>Vitrinos durys yra stiklin\u0117s ir pagamintos i\u0161 auk\u0161tos kokyb\u0117s baldin\u0117s plok\u0161t\u0117s. Priklausomai nuo interjero dizaino, joje galima laikyti knygas, suvenyrus, stalo \u012frankius ir daug daugiau.<\/p>","protected":false},"excerpt":{"rendered":"<p>The AVO 05 display cabinet will add a touch of freshness and elegance to your interior. The display cabinet has doors that are both glazed and made of high-quality furniture board. Depending on the interior design, it can accommodate books, souvenirs, dinnerware, and much more.<\/p>","protected":false},"featured_media":96442,"comment_status":"open","ping_status":"open","template":"","meta":[],"product_brand":[],"product_cat":[2255,9223,1987],"product_tag":[],"class_list":{"0":"post-96441","1":"product","2":"type-product","3":"status-publish","4":"has-post-thumbnail","6":"product_cat-ml-meble","7":"product_cat-furniture-system-avo-ml-meble","8":"product_cat-shelving-units","10":"first","11":"instock","12":"purchasable","13":"product-type-simple"},"_links":{"self":[{"href":"https:\/\/baldumarket.lt\/lt\/wp-json\/wp\/v2\/product\/96441","targetHints":{"allow":["GET"]}}],"collection":[{"href":"https:\/\/baldumarket.lt\/lt\/wp-json\/wp\/v2\/product"}],"about":[{"href":"https:\/\/baldumarket.lt\/lt\/wp-json\/wp\/v2\/types\/product"}],"replies":[{"embeddable":true,"href":"https:\/\/baldumarket.lt\/lt\/wp-json\/wp\/v2\/comments?post=96441"}],"wp:featuredmedia":[{"embeddable":true,"href":"https:\/\/baldumarket.lt\/lt\/wp-json\/wp\/v2\/media\/96442"}],"wp:attachment":[{"href":"https:\/\/baldumarket.lt\/lt\/wp-json\/wp\/v2\/media?parent=96441"}],"wp:term":[{"taxonomy":"product_brand","embeddable":true,"href":"https:\/\/baldumarket.lt\/lt\/wp-json\/wp\/v2\/product_brand?post=96441"},{"taxonomy":"product_cat","embeddable":true,"href":"https:\/\/baldumarket.lt\/lt\/wp-json\/wp\/v2\/product_cat?post=96441"},{"taxonomy":"product_tag","embeddable":true,"href":"https:\/\/baldumarket.lt\/lt\/wp-json\/wp\/v2\/product_tag?post=96441"}],"curies":[{"name":"wp","href":"https:\/\/api.w.org\/{rel}","templated":true}]}}