{"id":96417,"date":"2025-12-05T16:08:22","date_gmt":"2025-12-05T13:08:22","guid":{"rendered":"https:\/\/baldumarket.lt\/product\/avo-10-sonoma-jasna-biurko\/"},"modified":"2026-04-07T14:47:37","modified_gmt":"2026-04-07T11:47:37","slug":"avo-10-sonoma-jasna-biurko","status":"publish","type":"product","link":"https:\/\/baldumarket.lt\/lt\/product\/avo-10-sonoma-jasna-biurko\/","title":{"rendered":"\u201eAvo 10 Sonoma\u201c stalinis \u0161viestuvas"},"content":{"rendered":"<p>AVO 10 stalas suteikia daug darbo vietos d\u0117l plataus stalvir\u0161io ir vietos \u012fvairiems biuro reikmenims laikyti.<\/p>\n<p>AVO 10 ra\u0161omasis stalas puikiai tinka vaik\u0173 kambariams, paaugli\u0173 kambariams ar nam\u0173 biurams, kur ie\u0161koma optimali\u0173 dekoratyvini\u0173 sprendim\u0173.<\/p>","protected":false},"excerpt":{"rendered":"<p>D\u0117l plataus stalvir\u0161io ir vietos \u012fvairiems biuro reikmenims, AVO 10 stalas suteikia daug darbo vietos. AVO 10 stalas puikiai tinka vaik\u0173 kambariams, paaugli\u0173 kambariams ar nam\u0173 biurams, kur ie\u0161koma optimali\u0173 dekoratyvini\u0173 sprendim\u0173.<\/p>","protected":false},"featured_media":96418,"comment_status":"open","ping_status":"open","template":"","meta":[],"product_brand":[],"product_cat":[1312,2255,9223],"product_tag":[],"class_list":{"0":"post-96417","1":"product","2":"type-product","3":"status-publish","4":"has-post-thumbnail","6":"product_cat-desks","7":"product_cat-ml-meble","8":"product_cat-furniture-system-avo-ml-meble","10":"first","11":"instock","12":"purchasable","13":"product-type-simple"},"_links":{"self":[{"href":"https:\/\/baldumarket.lt\/lt\/wp-json\/wp\/v2\/product\/96417","targetHints":{"allow":["GET"]}}],"collection":[{"href":"https:\/\/baldumarket.lt\/lt\/wp-json\/wp\/v2\/product"}],"about":[{"href":"https:\/\/baldumarket.lt\/lt\/wp-json\/wp\/v2\/types\/product"}],"replies":[{"embeddable":true,"href":"https:\/\/baldumarket.lt\/lt\/wp-json\/wp\/v2\/comments?post=96417"}],"wp:featuredmedia":[{"embeddable":true,"href":"https:\/\/baldumarket.lt\/lt\/wp-json\/wp\/v2\/media\/96418"}],"wp:attachment":[{"href":"https:\/\/baldumarket.lt\/lt\/wp-json\/wp\/v2\/media?parent=96417"}],"wp:term":[{"taxonomy":"product_brand","embeddable":true,"href":"https:\/\/baldumarket.lt\/lt\/wp-json\/wp\/v2\/product_brand?post=96417"},{"taxonomy":"product_cat","embeddable":true,"href":"https:\/\/baldumarket.lt\/lt\/wp-json\/wp\/v2\/product_cat?post=96417"},{"taxonomy":"product_tag","embeddable":true,"href":"https:\/\/baldumarket.lt\/lt\/wp-json\/wp\/v2\/product_tag?post=96417"}],"curies":[{"name":"wp","href":"https:\/\/api.w.org\/{rel}","templated":true}]}}