{"id":96406,"date":"2025-12-05T16:08:12","date_gmt":"2025-12-05T13:08:12","guid":{"rendered":"https:\/\/baldumarket.lt\/product\/avo-08-sonoma-jasna-komoda\/"},"modified":"2026-04-07T14:47:37","modified_gmt":"2026-04-07T11:47:37","slug":"avo-08-sonoma-jasna-komoda","status":"publish","type":"product","link":"https:\/\/baldumarket.lt\/lt\/product\/avo-08-sonoma-jasna-komoda\/","title":{"rendered":"Avo 08 sonoma \u0161viestuvas \u2013 komoda"},"content":{"rendered":"<p>Komoda AVO 08 atspindi visai AVO bald\u0173 kolekcijai b\u016bding\u0105 paprastum\u0105 ir minimalizm\u0105.<\/p>\n<p>D\u0117l savo funkcionalumo komoda yra ideali vieta nuotraukoms ar \u0161eimos relikvijoms eksponuoti. Joje taip pat yra daug lentyn\u0173, kuriose lengva laikyti b\u016btiniausius daiktus.<\/p>","protected":false},"excerpt":{"rendered":"<p>Komoda AVO 08 atspindi visai AVO bald\u0173 kolekcijai b\u016bding\u0105 paprastum\u0105 ir minimalizm\u0105. D\u0117l savo funkcionalumo komoda yra ideali vieta eksponuoti nuotraukas ar \u0161eimos relikvijas. Joje taip pat yra daug lentyn\u0173, kuriose patogu laikyti b\u016btiniausius daiktus.<\/p>","protected":false},"featured_media":96407,"comment_status":"open","ping_status":"open","template":"","meta":[],"product_brand":[],"product_cat":[1173,2255,9223],"product_tag":[],"class_list":{"0":"post-96406","1":"product","2":"type-product","3":"status-publish","4":"has-post-thumbnail","6":"product_cat-chests-of-drawers","7":"product_cat-ml-meble","8":"product_cat-furniture-system-avo-ml-meble","10":"first","11":"instock","12":"purchasable","13":"product-type-simple"},"_links":{"self":[{"href":"https:\/\/baldumarket.lt\/lt\/wp-json\/wp\/v2\/product\/96406","targetHints":{"allow":["GET"]}}],"collection":[{"href":"https:\/\/baldumarket.lt\/lt\/wp-json\/wp\/v2\/product"}],"about":[{"href":"https:\/\/baldumarket.lt\/lt\/wp-json\/wp\/v2\/types\/product"}],"replies":[{"embeddable":true,"href":"https:\/\/baldumarket.lt\/lt\/wp-json\/wp\/v2\/comments?post=96406"}],"wp:featuredmedia":[{"embeddable":true,"href":"https:\/\/baldumarket.lt\/lt\/wp-json\/wp\/v2\/media\/96407"}],"wp:attachment":[{"href":"https:\/\/baldumarket.lt\/lt\/wp-json\/wp\/v2\/media?parent=96406"}],"wp:term":[{"taxonomy":"product_brand","embeddable":true,"href":"https:\/\/baldumarket.lt\/lt\/wp-json\/wp\/v2\/product_brand?post=96406"},{"taxonomy":"product_cat","embeddable":true,"href":"https:\/\/baldumarket.lt\/lt\/wp-json\/wp\/v2\/product_cat?post=96406"},{"taxonomy":"product_tag","embeddable":true,"href":"https:\/\/baldumarket.lt\/lt\/wp-json\/wp\/v2\/product_tag?post=96406"}],"curies":[{"name":"wp","href":"https:\/\/api.w.org\/{rel}","templated":true}]}}