{"id":96397,"date":"2025-12-05T16:08:03","date_gmt":"2025-12-05T13:08:03","guid":{"rendered":"https:\/\/baldumarket.lt\/product\/avo-07-sonoma-jasna-regal\/"},"modified":"2026-04-07T14:47:37","modified_gmt":"2026-04-07T11:47:37","slug":"avo-07-sonoma-jasna-regal","status":"publish","type":"product","link":"https:\/\/baldumarket.lt\/lt\/product\/avo-07-sonoma-jasna-regal\/","title":{"rendered":"Avo 07 sonoma \u0161viestuvas &#8211; lentyna"},"content":{"rendered":"<p>Auk\u0161ta knyg\u0173 lentyna AVO 07 pasi\u017eymi paprastu dizainu, kuris papildys \u0161iuolaikinius interjerus, \u012fskaitant ir skandinavi\u0161ko stiliaus.<\/p>\n<p>\u0160is baldas puikiai tinka svetainei, darbo kambariui, miegamajam ar paauglio kambariui.<\/p>","protected":false},"excerpt":{"rendered":"<p>The AVO 07 tall bookcase features a simple design that will complement contemporary interiors, including those designed in Scandinavian style. This piece of furniture is perfect for a living room, den, bedroom, or teenager&#8217;s room.<\/p>","protected":false},"featured_media":96398,"comment_status":"open","ping_status":"open","template":"","meta":[],"product_brand":[],"product_cat":[2255,9223,1987],"product_tag":[],"class_list":{"0":"post-96397","1":"product","2":"type-product","3":"status-publish","4":"has-post-thumbnail","6":"product_cat-ml-meble","7":"product_cat-furniture-system-avo-ml-meble","8":"product_cat-shelving-units","10":"first","11":"instock","12":"purchasable","13":"product-type-simple"},"_links":{"self":[{"href":"https:\/\/baldumarket.lt\/lt\/wp-json\/wp\/v2\/product\/96397","targetHints":{"allow":["GET"]}}],"collection":[{"href":"https:\/\/baldumarket.lt\/lt\/wp-json\/wp\/v2\/product"}],"about":[{"href":"https:\/\/baldumarket.lt\/lt\/wp-json\/wp\/v2\/types\/product"}],"replies":[{"embeddable":true,"href":"https:\/\/baldumarket.lt\/lt\/wp-json\/wp\/v2\/comments?post=96397"}],"wp:featuredmedia":[{"embeddable":true,"href":"https:\/\/baldumarket.lt\/lt\/wp-json\/wp\/v2\/media\/96398"}],"wp:attachment":[{"href":"https:\/\/baldumarket.lt\/lt\/wp-json\/wp\/v2\/media?parent=96397"}],"wp:term":[{"taxonomy":"product_brand","embeddable":true,"href":"https:\/\/baldumarket.lt\/lt\/wp-json\/wp\/v2\/product_brand?post=96397"},{"taxonomy":"product_cat","embeddable":true,"href":"https:\/\/baldumarket.lt\/lt\/wp-json\/wp\/v2\/product_cat?post=96397"},{"taxonomy":"product_tag","embeddable":true,"href":"https:\/\/baldumarket.lt\/lt\/wp-json\/wp\/v2\/product_tag?post=96397"}],"curies":[{"name":"wp","href":"https:\/\/api.w.org\/{rel}","templated":true}]}}