{"id":96395,"date":"2025-12-05T16:08:02","date_gmt":"2025-12-05T13:08:02","guid":{"rendered":"https:\/\/baldumarket.lt\/product\/lis-03-listwy-pod-stelaz\/"},"modified":"2026-02-03T23:53:41","modified_gmt":"2026-02-03T20:53:41","slug":"lis-03-listwy-pod-stelaz","status":"publish","type":"product","link":"https:\/\/baldumarket.lt\/lt\/product\/lis-03-listwy-pod-stelaz\/","title":{"rendered":"LIS 03 r\u0117mo juostel\u0117s"},"content":{"rendered":"<p>\u010ciu\u017einio r\u0117mo kont\u016bruotos medin\u0117s lentjuost\u0117s yra patog\u016bs ir patvar\u016bs patogios lovos elementai.<\/p>","protected":false},"excerpt":{"rendered":"<p>\u010ciu\u017einio r\u0117mo kont\u016bruotos medin\u0117s lentjuost\u0117s yra patog\u016bs ir patvar\u016bs patogios lovos elementai.<\/p>","protected":false},"featured_media":96396,"comment_status":"open","ping_status":"open","template":"","meta":[],"product_brand":[],"product_cat":[1043,2255],"product_tag":[],"class_list":{"0":"post-96395","1":"product","2":"type-product","3":"status-publish","4":"has-post-thumbnail","6":"product_cat-extras","7":"product_cat-ml-meble","9":"first","10":"instock","11":"purchasable","12":"product-type-simple"},"_links":{"self":[{"href":"https:\/\/baldumarket.lt\/lt\/wp-json\/wp\/v2\/product\/96395","targetHints":{"allow":["GET"]}}],"collection":[{"href":"https:\/\/baldumarket.lt\/lt\/wp-json\/wp\/v2\/product"}],"about":[{"href":"https:\/\/baldumarket.lt\/lt\/wp-json\/wp\/v2\/types\/product"}],"replies":[{"embeddable":true,"href":"https:\/\/baldumarket.lt\/lt\/wp-json\/wp\/v2\/comments?post=96395"}],"wp:featuredmedia":[{"embeddable":true,"href":"https:\/\/baldumarket.lt\/lt\/wp-json\/wp\/v2\/media\/96396"}],"wp:attachment":[{"href":"https:\/\/baldumarket.lt\/lt\/wp-json\/wp\/v2\/media?parent=96395"}],"wp:term":[{"taxonomy":"product_brand","embeddable":true,"href":"https:\/\/baldumarket.lt\/lt\/wp-json\/wp\/v2\/product_brand?post=96395"},{"taxonomy":"product_cat","embeddable":true,"href":"https:\/\/baldumarket.lt\/lt\/wp-json\/wp\/v2\/product_cat?post=96395"},{"taxonomy":"product_tag","embeddable":true,"href":"https:\/\/baldumarket.lt\/lt\/wp-json\/wp\/v2\/product_tag?post=96395"}],"curies":[{"name":"wp","href":"https:\/\/api.w.org\/{rel}","templated":true}]}}