{"id":96394,"date":"2025-12-05T16:07:59","date_gmt":"2025-12-05T13:07:59","guid":{"rendered":"https:\/\/baldumarket.lt\/product\/drop-18-19-wstawka-szary-platyna-polka\/"},"modified":"2026-02-03T23:53:42","modified_gmt":"2026-02-03T20:53:42","slug":"drop-18-19-wstawka-szary-platyna-polka","status":"publish","type":"product","link":"https:\/\/baldumarket.lt\/lt\/product\/drop-18-19-wstawka-szary-platyna-polka\/","title":{"rendered":"Drop 18\/19 platinos pilkos spalvos \u012fd\u0117klas \u2013 lentyna"},"content":{"rendered":"<p>DROP 18\/19 yra modernus kubas, kur\u012f galite pakabinti tiesiai ant sienos arba pad\u0117ti ant DROP 18 plok\u0161t\u0117s ar platesn\u0117s DROP 19.<\/p>","protected":false},"excerpt":{"rendered":"<p>DROP 18\/19 yra modernus kubas, kur\u012f galite pakabinti tiesiai ant sienos arba pad\u0117ti ant DROP 18 plok\u0161t\u0117s ar platesn\u0117s DROP 19.<\/p>","protected":false},"featured_media":94831,"comment_status":"open","ping_status":"open","template":"","meta":[],"product_brand":[],"product_cat":[2255,9232],"product_tag":[],"class_list":{"0":"post-96394","1":"product","2":"type-product","3":"status-publish","4":"has-post-thumbnail","6":"product_cat-ml-meble","7":"product_cat-furniture-system-drop-ml-meble","9":"first","10":"instock","11":"purchasable","12":"product-type-simple"},"_links":{"self":[{"href":"https:\/\/baldumarket.lt\/lt\/wp-json\/wp\/v2\/product\/96394","targetHints":{"allow":["GET"]}}],"collection":[{"href":"https:\/\/baldumarket.lt\/lt\/wp-json\/wp\/v2\/product"}],"about":[{"href":"https:\/\/baldumarket.lt\/lt\/wp-json\/wp\/v2\/types\/product"}],"replies":[{"embeddable":true,"href":"https:\/\/baldumarket.lt\/lt\/wp-json\/wp\/v2\/comments?post=96394"}],"wp:featuredmedia":[{"embeddable":true,"href":"https:\/\/baldumarket.lt\/lt\/wp-json\/wp\/v2\/media\/94831"}],"wp:attachment":[{"href":"https:\/\/baldumarket.lt\/lt\/wp-json\/wp\/v2\/media?parent=96394"}],"wp:term":[{"taxonomy":"product_brand","embeddable":true,"href":"https:\/\/baldumarket.lt\/lt\/wp-json\/wp\/v2\/product_brand?post=96394"},{"taxonomy":"product_cat","embeddable":true,"href":"https:\/\/baldumarket.lt\/lt\/wp-json\/wp\/v2\/product_cat?post=96394"},{"taxonomy":"product_tag","embeddable":true,"href":"https:\/\/baldumarket.lt\/lt\/wp-json\/wp\/v2\/product_tag?post=96394"}],"curies":[{"name":"wp","href":"https:\/\/api.w.org\/{rel}","templated":true}]}}