{"id":96384,"date":"2025-12-05T16:07:44","date_gmt":"2025-12-05T13:07:44","guid":{"rendered":"https:\/\/baldumarket.lt\/product\/drop-18-buk-fjord-panel-do-polki\/"},"modified":"2026-02-03T23:53:42","modified_gmt":"2026-02-03T20:53:42","slug":"drop-18-buk-fjord-panel-do-polki","status":"publish","type":"product","link":"https:\/\/baldumarket.lt\/lt\/product\/drop-18-buk-fjord-panel-do-polki\/","title":{"rendered":"Drop 18 fiord buko lentynos plok\u0161t\u0117"},"content":{"rendered":"<p>DROP 18 yra plok\u0161t\u0117, skirta DROP 18\/19 lentynoms.<\/p>\n<p>Pasirinkdami \u0161iuos elementus, galite sukurti moderni\u0105 lentyn\u0105 vaiko ar paauglio kambariui. Tur\u0117dami galimyb\u0119 j\u0105 pakabinti vertikaliai arba horizontaliai, galite i\u0161d\u0117styti erdv\u0119 bet kokiu jums patinkan\u010diu b\u016bdu.<\/p>","protected":false},"excerpt":{"rendered":"<p>DROP 18 yra plok\u0161t\u0117 DROP 18\/19 lentynoms. Pasirink\u0119 \u0161iuos elementus, galite sukurti moderni\u0105 lentyn\u0105 vaiko ar paauglio kambariui. Tur\u0117dami galimyb\u0119 j\u0105 kabinti vertikaliai arba horizontaliai, galite i\u0161d\u0117styti erdv\u0119 bet kokiu jums patinkan\u010diu b\u016bdu.<\/p>","protected":false},"featured_media":96385,"comment_status":"open","ping_status":"open","template":"","meta":[],"product_brand":[],"product_cat":[2255,9232],"product_tag":[],"class_list":{"0":"post-96384","1":"product","2":"type-product","3":"status-publish","4":"has-post-thumbnail","6":"product_cat-ml-meble","7":"product_cat-furniture-system-drop-ml-meble","9":"first","10":"instock","11":"purchasable","12":"product-type-simple"},"_links":{"self":[{"href":"https:\/\/baldumarket.lt\/lt\/wp-json\/wp\/v2\/product\/96384","targetHints":{"allow":["GET"]}}],"collection":[{"href":"https:\/\/baldumarket.lt\/lt\/wp-json\/wp\/v2\/product"}],"about":[{"href":"https:\/\/baldumarket.lt\/lt\/wp-json\/wp\/v2\/types\/product"}],"replies":[{"embeddable":true,"href":"https:\/\/baldumarket.lt\/lt\/wp-json\/wp\/v2\/comments?post=96384"}],"wp:featuredmedia":[{"embeddable":true,"href":"https:\/\/baldumarket.lt\/lt\/wp-json\/wp\/v2\/media\/96385"}],"wp:attachment":[{"href":"https:\/\/baldumarket.lt\/lt\/wp-json\/wp\/v2\/media?parent=96384"}],"wp:term":[{"taxonomy":"product_brand","embeddable":true,"href":"https:\/\/baldumarket.lt\/lt\/wp-json\/wp\/v2\/product_brand?post=96384"},{"taxonomy":"product_cat","embeddable":true,"href":"https:\/\/baldumarket.lt\/lt\/wp-json\/wp\/v2\/product_cat?post=96384"},{"taxonomy":"product_tag","embeddable":true,"href":"https:\/\/baldumarket.lt\/lt\/wp-json\/wp\/v2\/product_tag?post=96384"}],"curies":[{"name":"wp","href":"https:\/\/api.w.org\/{rel}","templated":true}]}}