{"id":96377,"date":"2025-12-05T16:07:34","date_gmt":"2025-12-05T13:07:34","guid":{"rendered":"https:\/\/baldumarket.lt\/product\/blanco-18-sosna-sniezna-mdf-new-grey-szafka-nocna\/"},"modified":"2026-04-07T14:47:37","modified_gmt":"2026-04-07T11:47:37","slug":"blanco-18-sosna-sniezna-mdf-new-grey-szafka-nocna","status":"publish","type":"product","link":"https:\/\/baldumarket.lt\/lt\/product\/blanco-18-sosna-sniezna-mdf-new-grey-szafka-nocna\/","title":{"rendered":"BLANCO 18 sniego pu\u0161is\/MDF nauja pilka &#8211; naktinis staliukas"},"content":{"rendered":"<p>BLANCO 18 naktinis staliukas \u017eavi minimalistiniu dizainu ir neutraliomis, prislopintomis spalvomis.<\/p>\n<p>\u0160is baldas puikiai dera prie moderni\u0173 ir erdvi\u0173 miegam\u0173j\u0173 interjero, kur norime apsupti save tik prakti\u0161kais ir nat\u016braliai gra\u017eiais aksesuarais.<\/p>","protected":false},"excerpt":{"rendered":"<p>The BLANCO 18 nightstand impresses with its minimalist design and neutral, subdued colors. This piece of furniture fits perfectly into the d\u00e9cor of modern and spacious bedrooms, where we want to surround ourselves with only practical and naturally beautiful accessories.<\/p>","protected":false},"featured_media":96378,"comment_status":"open","ping_status":"open","template":"","meta":[],"product_brand":[],"product_cat":[1176,2255,9225],"product_tag":[],"class_list":{"0":"post-96377","1":"product","2":"type-product","3":"status-publish","4":"has-post-thumbnail","6":"product_cat-bedside-tables","7":"product_cat-ml-meble","8":"product_cat-furniture-system-blanco-ml-meble","10":"first","11":"instock","12":"purchasable","13":"product-type-simple"},"_links":{"self":[{"href":"https:\/\/baldumarket.lt\/lt\/wp-json\/wp\/v2\/product\/96377","targetHints":{"allow":["GET"]}}],"collection":[{"href":"https:\/\/baldumarket.lt\/lt\/wp-json\/wp\/v2\/product"}],"about":[{"href":"https:\/\/baldumarket.lt\/lt\/wp-json\/wp\/v2\/types\/product"}],"replies":[{"embeddable":true,"href":"https:\/\/baldumarket.lt\/lt\/wp-json\/wp\/v2\/comments?post=96377"}],"wp:featuredmedia":[{"embeddable":true,"href":"https:\/\/baldumarket.lt\/lt\/wp-json\/wp\/v2\/media\/96378"}],"wp:attachment":[{"href":"https:\/\/baldumarket.lt\/lt\/wp-json\/wp\/v2\/media?parent=96377"}],"wp:term":[{"taxonomy":"product_brand","embeddable":true,"href":"https:\/\/baldumarket.lt\/lt\/wp-json\/wp\/v2\/product_brand?post=96377"},{"taxonomy":"product_cat","embeddable":true,"href":"https:\/\/baldumarket.lt\/lt\/wp-json\/wp\/v2\/product_cat?post=96377"},{"taxonomy":"product_tag","embeddable":true,"href":"https:\/\/baldumarket.lt\/lt\/wp-json\/wp\/v2\/product_tag?post=96377"}],"curies":[{"name":"wp","href":"https:\/\/api.w.org\/{rel}","templated":true}]}}