{"id":96373,"date":"2025-12-05T16:07:31","date_gmt":"2025-12-05T13:07:31","guid":{"rendered":"https:\/\/baldumarket.lt\/product\/zast-01-005-buk-fjord-zastawka-do-lozka\/"},"modified":"2026-02-03T23:53:42","modified_gmt":"2026-02-03T20:53:42","slug":"zast-01-005-buk-fjord-zastawka-do-lozka","status":"publish","type":"product","link":"https:\/\/baldumarket.lt\/lt\/product\/zast-01-005-buk-fjord-zastawka-do-lozka\/","title":{"rendered":"ZAST 01-005 fiordinis bukas \u2013 lovos kam\u0161tis"},"content":{"rendered":"<p>Lovos apsauga suteikia papildom\u0105 apsaug\u0105 nuo i\u0161kritimo.<\/p>","protected":false},"excerpt":{"rendered":"<p>Lovos apsauga suteikia papildom\u0105 apsaug\u0105 nuo i\u0161kritimo.<\/p>","protected":false},"featured_media":96374,"comment_status":"open","ping_status":"open","template":"","meta":[],"product_brand":[],"product_cat":[1043,2255],"product_tag":[],"class_list":{"0":"post-96373","1":"product","2":"type-product","3":"status-publish","4":"has-post-thumbnail","6":"product_cat-extras","7":"product_cat-ml-meble","9":"first","10":"instock","11":"purchasable","12":"product-type-simple"},"_links":{"self":[{"href":"https:\/\/baldumarket.lt\/lt\/wp-json\/wp\/v2\/product\/96373","targetHints":{"allow":["GET"]}}],"collection":[{"href":"https:\/\/baldumarket.lt\/lt\/wp-json\/wp\/v2\/product"}],"about":[{"href":"https:\/\/baldumarket.lt\/lt\/wp-json\/wp\/v2\/types\/product"}],"replies":[{"embeddable":true,"href":"https:\/\/baldumarket.lt\/lt\/wp-json\/wp\/v2\/comments?post=96373"}],"wp:featuredmedia":[{"embeddable":true,"href":"https:\/\/baldumarket.lt\/lt\/wp-json\/wp\/v2\/media\/96374"}],"wp:attachment":[{"href":"https:\/\/baldumarket.lt\/lt\/wp-json\/wp\/v2\/media?parent=96373"}],"wp:term":[{"taxonomy":"product_brand","embeddable":true,"href":"https:\/\/baldumarket.lt\/lt\/wp-json\/wp\/v2\/product_brand?post=96373"},{"taxonomy":"product_cat","embeddable":true,"href":"https:\/\/baldumarket.lt\/lt\/wp-json\/wp\/v2\/product_cat?post=96373"},{"taxonomy":"product_tag","embeddable":true,"href":"https:\/\/baldumarket.lt\/lt\/wp-json\/wp\/v2\/product_tag?post=96373"}],"curies":[{"name":"wp","href":"https:\/\/api.w.org\/{rel}","templated":true}]}}