{"id":96361,"date":"2025-12-05T16:07:16","date_gmt":"2025-12-05T13:07:16","guid":{"rendered":"https:\/\/baldumarket.lt\/product\/castel-16-sonoma-jasna-mdf-sonoma-trufel-polka\/"},"modified":"2026-04-07T13:56:09","modified_gmt":"2026-04-07T10:56:09","slug":"castel-16-sonoma-jasna-mdf-sonoma-trufel-polka","status":"publish","type":"product","link":"https:\/\/baldumarket.lt\/lt\/product\/castel-16-sonoma-jasna-mdf-sonoma-trufel-polka\/","title":{"rendered":"CASTEL 16 \u0161viesus sonoma\/MDF sonoma triufelis &#8211; lentyna"},"content":{"rendered":"<p>Pakabinama lentyna CASTEL 16 yra vienas universaliausi\u0173 m\u016bs\u0173 bald\u0173, puikiai tinkantis bet kokiam kambariui.<\/p>\n<p>\u0160i stilinga CASTEL lentyna puikiai dera su kitais kolekcijos gaminiais.<\/p>","protected":false},"excerpt":{"rendered":"<p>The CASTEL 16 hanging shelf is one of our most versatile pieces of furniture, perfect for any room. This stylish CASTEL shelf perfectly complements the other pieces in the collection.<\/p>","protected":false},"featured_media":96362,"comment_status":"open","ping_status":"open","template":"","meta":[],"product_brand":[],"product_cat":[1174,2255,9227],"product_tag":[],"class_list":{"0":"post-96361","1":"product","2":"type-product","3":"status-publish","4":"has-post-thumbnail","6":"product_cat-hanging-shelves","7":"product_cat-ml-meble","8":"product_cat-furniture-system-castel-ml-meble","10":"first","11":"instock","12":"purchasable","13":"product-type-simple"},"_links":{"self":[{"href":"https:\/\/baldumarket.lt\/lt\/wp-json\/wp\/v2\/product\/96361","targetHints":{"allow":["GET"]}}],"collection":[{"href":"https:\/\/baldumarket.lt\/lt\/wp-json\/wp\/v2\/product"}],"about":[{"href":"https:\/\/baldumarket.lt\/lt\/wp-json\/wp\/v2\/types\/product"}],"replies":[{"embeddable":true,"href":"https:\/\/baldumarket.lt\/lt\/wp-json\/wp\/v2\/comments?post=96361"}],"wp:featuredmedia":[{"embeddable":true,"href":"https:\/\/baldumarket.lt\/lt\/wp-json\/wp\/v2\/media\/96362"}],"wp:attachment":[{"href":"https:\/\/baldumarket.lt\/lt\/wp-json\/wp\/v2\/media?parent=96361"}],"wp:term":[{"taxonomy":"product_brand","embeddable":true,"href":"https:\/\/baldumarket.lt\/lt\/wp-json\/wp\/v2\/product_brand?post=96361"},{"taxonomy":"product_cat","embeddable":true,"href":"https:\/\/baldumarket.lt\/lt\/wp-json\/wp\/v2\/product_cat?post=96361"},{"taxonomy":"product_tag","embeddable":true,"href":"https:\/\/baldumarket.lt\/lt\/wp-json\/wp\/v2\/product_tag?post=96361"}],"curies":[{"name":"wp","href":"https:\/\/api.w.org\/{rel}","templated":true}]}}