{"id":96348,"date":"2025-12-05T16:07:05","date_gmt":"2025-12-05T13:07:05","guid":{"rendered":"https:\/\/baldumarket.lt\/product\/vilavio-02-dab-windmill-dark-cashmere-witryna-4d\/"},"modified":"2026-02-03T23:53:42","modified_gmt":"2026-02-03T20:53:42","slug":"vilavio-02-dab-windmill-dark-cashmere-witryna-4d","status":"publish","type":"product","link":"https:\/\/baldumarket.lt\/lt\/product\/vilavio-02-dab-windmill-dark-cashmere-witryna-4d\/","title":{"rendered":"Vilavio 02 v\u0117jo mal\u016bno \u0105\u017euolas tamsus \/ ka\u0161myras &#8211; 4D vitrina"},"content":{"rendered":"<p>\u201eVilavio 02\u201c vitrina \u2013 tai baldas, leid\u017eiantis laikyti ir eksponuoti m\u0117gstamiausius daiktus. Ji padalinta \u012f kelias zonas. Apatin\u0117 dalis yra didel\u0117, erdvi ni\u0161a, pasl\u0117pta nuo sve\u010di\u0173 aki\u0173. \u0160iose erdv\u0117se galite laikyti staltieses ar rank\u0161luos\u010dius. Vir\u0161utin\u0117 dalis padalinta dviem stiklin\u0117mis lentynomis, sukuriant tris ni\u0161as. Stiklin\u0117s durys leid\u017eia eksponuoti m\u0117gstamus porcelianinius puodelius ar gra\u017eius, stilingus stalo \u012frankius. Dar vienas u\u017edaras skyrius, puikiai tinkantis dokumentams ar nam\u0173 tekstilei, u\u017ebaigia dizain\u0105. Pasirinkite \u201eVilavio\u201c vitrin\u0105 ir palaikykite tvark\u0105 savo interjere.<br \/>\n\u2022 Apvali forma.<br \/>\n\u2022 Eleganti\u0161ka apdaila.<br \/>\n\u2022 Foninis ap\u0161vietimas galimas kaip pasirinktis u\u017e papildom\u0105 mokest\u012f.<br \/>\n\u2022 \u0160velniai u\u017esidarantys vyriai.<\/p>","protected":false},"excerpt":{"rendered":"<p>The Vilavio 02 display cabinet is a piece of furniture that lets you store and display your favorite items. It&#8217;s divided into several zones. The lower section is a large, spacious recess, hidden from view by your guests. You can store tablecloths or towels in these spaces. The upper section is divided by two glass [&hellip;]<\/p>","protected":false},"featured_media":96349,"comment_status":"open","ping_status":"open","template":"","meta":[],"product_brand":[],"product_cat":[2255,9211,2006],"product_tag":[],"class_list":{"0":"post-96348","1":"product","2":"type-product","3":"status-publish","4":"has-post-thumbnail","6":"product_cat-ml-meble","7":"product_cat-furniture-system-vilavio-ml-meble","8":"product_cat-vitrines","10":"first","11":"instock","12":"purchasable","13":"product-type-simple"},"_links":{"self":[{"href":"https:\/\/baldumarket.lt\/lt\/wp-json\/wp\/v2\/product\/96348","targetHints":{"allow":["GET"]}}],"collection":[{"href":"https:\/\/baldumarket.lt\/lt\/wp-json\/wp\/v2\/product"}],"about":[{"href":"https:\/\/baldumarket.lt\/lt\/wp-json\/wp\/v2\/types\/product"}],"replies":[{"embeddable":true,"href":"https:\/\/baldumarket.lt\/lt\/wp-json\/wp\/v2\/comments?post=96348"}],"wp:featuredmedia":[{"embeddable":true,"href":"https:\/\/baldumarket.lt\/lt\/wp-json\/wp\/v2\/media\/96349"}],"wp:attachment":[{"href":"https:\/\/baldumarket.lt\/lt\/wp-json\/wp\/v2\/media?parent=96348"}],"wp:term":[{"taxonomy":"product_brand","embeddable":true,"href":"https:\/\/baldumarket.lt\/lt\/wp-json\/wp\/v2\/product_brand?post=96348"},{"taxonomy":"product_cat","embeddable":true,"href":"https:\/\/baldumarket.lt\/lt\/wp-json\/wp\/v2\/product_cat?post=96348"},{"taxonomy":"product_tag","embeddable":true,"href":"https:\/\/baldumarket.lt\/lt\/wp-json\/wp\/v2\/product_tag?post=96348"}],"curies":[{"name":"wp","href":"https:\/\/api.w.org\/{rel}","templated":true}]}}