{"id":96337,"date":"2025-12-05T16:06:56","date_gmt":"2025-12-05T13:06:56","guid":{"rendered":"https:\/\/baldumarket.lt\/product\/vilavio-01-dab-windmill-dark-cashmere-witryna-2dl-p\/"},"modified":"2026-02-03T23:53:42","modified_gmt":"2026-02-03T20:53:42","slug":"vilavio-01-dab-windmill-dark-cashmere-witryna-2dl-p","status":"publish","type":"product","link":"https:\/\/baldumarket.lt\/lt\/product\/vilavio-01-dab-windmill-dark-cashmere-witryna-2dl-p\/","title":{"rendered":"Vilavio 01 v\u0117jo mal\u016bno \u0105\u017euolo tamsus \/ ka\u0161myro spalvos &#8211; vitrina 2DL\/P"},"content":{"rendered":"<p>\u201eVilavio 01\u201c vitrina \u2013 tai baldas, leid\u017eiantis laikyti ir eksponuoti m\u0117gstamiausius daiktus. Ji padalinta \u012f dvi u\u017edaras dalis. Apatin\u0117 dalis yra pasl\u0117pta nuo sve\u010di\u0173 aki\u0173. Dvi ni\u0161os puikiai tinka stalties\u0117ms ar rank\u0161luos\u010diams laikyti. Vir\u0161utin\u0117 dalis padalinta dviem stiklin\u0117mis lentynomis, sukuriant tris ni\u0161as. Stiklin\u0117s durys leid\u017eia eksponuoti m\u0117gstamus porcelianinius puodelius ar gra\u017eius, stilingus stalo \u012frankius. Pasirinkite \u201eVilavio\u201c vitrin\u0105 ir palaikykite tvark\u0105 savo interjere.<br \/>\n\u2022 Apvali forma.<br \/>\n\u2022 Eleganti\u0161ka apdaila.<br \/>\n\u2022 Foninis ap\u0161vietimas galimas kaip papildoma \u012franga.<br \/>\n\u2022 \u0160velniai u\u017esidarantys vyriai.<\/p>","protected":false},"excerpt":{"rendered":"<p>\u201eVilavio 01\u201c vitrina \u2013 tai baldas, leid\u017eiantis laikyti ir eksponuoti m\u0117gstamiausius daiktus. Ji padalinta \u012f dvi u\u017edaras dalis. Apatin\u0117 dalis pasl\u0117pta nuo sve\u010di\u0173 aki\u0173. Dvi ni\u0161os puikiai tinka stalties\u0117ms ar rank\u0161luos\u010diams laikyti. Vir\u0161utin\u0117 dalis padalinta dviem stiklin\u0117mis lentynomis, sukuriant tris [\u2026]<\/p>","protected":false},"featured_media":96338,"comment_status":"open","ping_status":"open","template":"","meta":[],"product_brand":[],"product_cat":[2255,9211,2006],"product_tag":[],"class_list":{"0":"post-96337","1":"product","2":"type-product","3":"status-publish","4":"has-post-thumbnail","6":"product_cat-ml-meble","7":"product_cat-furniture-system-vilavio-ml-meble","8":"product_cat-vitrines","10":"first","11":"instock","12":"purchasable","13":"product-type-simple"},"_links":{"self":[{"href":"https:\/\/baldumarket.lt\/lt\/wp-json\/wp\/v2\/product\/96337","targetHints":{"allow":["GET"]}}],"collection":[{"href":"https:\/\/baldumarket.lt\/lt\/wp-json\/wp\/v2\/product"}],"about":[{"href":"https:\/\/baldumarket.lt\/lt\/wp-json\/wp\/v2\/types\/product"}],"replies":[{"embeddable":true,"href":"https:\/\/baldumarket.lt\/lt\/wp-json\/wp\/v2\/comments?post=96337"}],"wp:featuredmedia":[{"embeddable":true,"href":"https:\/\/baldumarket.lt\/lt\/wp-json\/wp\/v2\/media\/96338"}],"wp:attachment":[{"href":"https:\/\/baldumarket.lt\/lt\/wp-json\/wp\/v2\/media?parent=96337"}],"wp:term":[{"taxonomy":"product_brand","embeddable":true,"href":"https:\/\/baldumarket.lt\/lt\/wp-json\/wp\/v2\/product_brand?post=96337"},{"taxonomy":"product_cat","embeddable":true,"href":"https:\/\/baldumarket.lt\/lt\/wp-json\/wp\/v2\/product_cat?post=96337"},{"taxonomy":"product_tag","embeddable":true,"href":"https:\/\/baldumarket.lt\/lt\/wp-json\/wp\/v2\/product_tag?post=96337"}],"curies":[{"name":"wp","href":"https:\/\/api.w.org\/{rel}","templated":true}]}}