{"id":96327,"date":"2025-12-05T16:06:47","date_gmt":"2025-12-05T13:06:47","guid":{"rendered":"https:\/\/baldumarket.lt\/product\/vilavio-05-dab-windmill-dark-cashmere-rtv-2d1s\/"},"modified":"2026-02-03T23:53:42","modified_gmt":"2026-02-03T20:53:42","slug":"vilavio-05-dab-windmill-dark-cashmere-rtv-2d1s","status":"publish","type":"product","link":"https:\/\/baldumarket.lt\/lt\/product\/vilavio-05-dab-windmill-dark-cashmere-rtv-2d1s\/","title":{"rendered":"\u201eVilavio 05\u201c \u0105\u017euolo \u201ewindmill\u201c tamsus \/ ka\u0161myro spalvos \u2013 RTV 2D1S"},"content":{"rendered":"<p>\u201eVilavio 05\u201c televizoriaus staliukas \u2013 puikus baldas j\u016bs\u0173 televizoriui ar patefonui. Dvi u\u017edaros ni\u0161os sukuria daug vietos daiktams susid\u0117ti. Platus stal\u010dius patogus dokumentams ir priedams laikyti. Atvira lentyna ir platus stalvir\u0161is leid\u017eia lengvai susitvarkyti multimedijos \u012frang\u0105.<br \/>\n\u2022 Apvali forma.<br \/>\n\u2022 Eleganti\u0161ka apdaila.<br \/>\n\u2022 Pilnai i\u0161traukiamas stal\u010dius.<br \/>\n\u2022 \u0160velniai u\u017esidarantys vyriai.<\/p>","protected":false},"excerpt":{"rendered":"<p>The Vilavio 05 TV stand is the perfect piece of furniture for your TV or record player. Two enclosed niches create ample storage space. The wide drawer is convenient for storing documents and accessories. The open shelf and wide top make it easy to organize your multimedia equipment. \u2022 Rounded shape. \u2022 Elegant finish. \u2022 [&hellip;]<\/p>","protected":false},"featured_media":96328,"comment_status":"open","ping_status":"open","template":"","meta":[],"product_brand":[],"product_cat":[2255,9211,1175],"product_tag":[],"class_list":{"0":"post-96327","1":"product","2":"type-product","3":"status-publish","4":"has-post-thumbnail","6":"product_cat-ml-meble","7":"product_cat-furniture-system-vilavio-ml-meble","8":"product_cat-tv-stands","10":"first","11":"instock","12":"purchasable","13":"product-type-simple"},"_links":{"self":[{"href":"https:\/\/baldumarket.lt\/lt\/wp-json\/wp\/v2\/product\/96327","targetHints":{"allow":["GET"]}}],"collection":[{"href":"https:\/\/baldumarket.lt\/lt\/wp-json\/wp\/v2\/product"}],"about":[{"href":"https:\/\/baldumarket.lt\/lt\/wp-json\/wp\/v2\/types\/product"}],"replies":[{"embeddable":true,"href":"https:\/\/baldumarket.lt\/lt\/wp-json\/wp\/v2\/comments?post=96327"}],"wp:featuredmedia":[{"embeddable":true,"href":"https:\/\/baldumarket.lt\/lt\/wp-json\/wp\/v2\/media\/96328"}],"wp:attachment":[{"href":"https:\/\/baldumarket.lt\/lt\/wp-json\/wp\/v2\/media?parent=96327"}],"wp:term":[{"taxonomy":"product_brand","embeddable":true,"href":"https:\/\/baldumarket.lt\/lt\/wp-json\/wp\/v2\/product_brand?post=96327"},{"taxonomy":"product_cat","embeddable":true,"href":"https:\/\/baldumarket.lt\/lt\/wp-json\/wp\/v2\/product_cat?post=96327"},{"taxonomy":"product_tag","embeddable":true,"href":"https:\/\/baldumarket.lt\/lt\/wp-json\/wp\/v2\/product_tag?post=96327"}],"curies":[{"name":"wp","href":"https:\/\/api.w.org\/{rel}","templated":true}]}}