{"id":96317,"date":"2025-12-05T16:06:39","date_gmt":"2025-12-05T13:06:39","guid":{"rendered":"https:\/\/baldumarket.lt\/product\/vilavio-04-dab-windmill-dark-cashmere-komoda-2d3s\/"},"modified":"2026-02-03T23:53:42","modified_gmt":"2026-02-03T20:53:42","slug":"vilavio-04-dab-windmill-dark-cashmere-komoda-2d3s","status":"publish","type":"product","link":"https:\/\/baldumarket.lt\/lt\/product\/vilavio-04-dab-windmill-dark-cashmere-komoda-2d3s\/","title":{"rendered":"Vilavio 04 tamsaus v\u0117jo mal\u016bno \u0105\u017euolo \/ ka\u0161myro spalvos \u2013 2D3S komoda"},"content":{"rendered":"<p>Vidutinio dyd\u017eio komoda \u201eVilavio 04\u201c \u2013 puikus sprendimas daiktams susid\u0117ti. U\u017e dviej\u0173 dureli\u0173 rasite i\u0161 viso keturis erdvius skyrius. Juose galite laikyti drabu\u017eius, rank\u0161luos\u010dius ar patalyn\u0119. Viduje yra trys gil\u016bs stal\u010diai, kuriuose yra daug vietos dokumentams, stalties\u0117ms ar kitai nam\u0173 tekstilei. \u0160i komoda bus puikus j\u016bs\u0173 svetain\u0117s ar miegamojo papildymas. Platus stalvir\u0161is puikiai tinka eleganti\u0161koms vazoms, kelioni\u0173 suvenyrams ar kitiems m\u0117gstamiems daiktams eksponuoti. Rinkit\u0117s \u201eVilavio\u201c komod\u0105 ir palaikykite tvark\u0105 savo interjere.<br \/>\n\u2022 Apvali forma.<br \/>\n\u2022 Eleganti\u0161ka apdaila.<br \/>\n\u2022 Pilno i\u0161traukimo stal\u010diai.<br \/>\n\u2022 \u0160velniai u\u017esidarantys vyriai.<\/p>","protected":false},"excerpt":{"rendered":"<p>Vidutinio dyd\u017eio komoda \u201eVilavio 04\u201c \u2013 puikus sprendimas daiktams susid\u0117ti. U\u017e dviej\u0173 dureli\u0173 rasite i\u0161 viso keturis erdvius skyrius. Juose galite laikyti drabu\u017eius, rank\u0161luos\u010dius ar patalyn\u0119. Viduje yra trys gil\u016bs stal\u010diai, kuriuose yra daug vietos dokumentams, stalties\u0117ms ar kitiems nam\u0173 tekstil\u0117s gaminiams. \u0160i komoda bus puikus [\u2026]<\/p>","protected":false},"featured_media":96318,"comment_status":"open","ping_status":"open","template":"","meta":[],"product_brand":[],"product_cat":[1173,2255,9211],"product_tag":[],"class_list":{"0":"post-96317","1":"product","2":"type-product","3":"status-publish","4":"has-post-thumbnail","6":"product_cat-chests-of-drawers","7":"product_cat-ml-meble","8":"product_cat-furniture-system-vilavio-ml-meble","10":"first","11":"instock","12":"purchasable","13":"product-type-simple"},"_links":{"self":[{"href":"https:\/\/baldumarket.lt\/lt\/wp-json\/wp\/v2\/product\/96317","targetHints":{"allow":["GET"]}}],"collection":[{"href":"https:\/\/baldumarket.lt\/lt\/wp-json\/wp\/v2\/product"}],"about":[{"href":"https:\/\/baldumarket.lt\/lt\/wp-json\/wp\/v2\/types\/product"}],"replies":[{"embeddable":true,"href":"https:\/\/baldumarket.lt\/lt\/wp-json\/wp\/v2\/comments?post=96317"}],"wp:featuredmedia":[{"embeddable":true,"href":"https:\/\/baldumarket.lt\/lt\/wp-json\/wp\/v2\/media\/96318"}],"wp:attachment":[{"href":"https:\/\/baldumarket.lt\/lt\/wp-json\/wp\/v2\/media?parent=96317"}],"wp:term":[{"taxonomy":"product_brand","embeddable":true,"href":"https:\/\/baldumarket.lt\/lt\/wp-json\/wp\/v2\/product_brand?post=96317"},{"taxonomy":"product_cat","embeddable":true,"href":"https:\/\/baldumarket.lt\/lt\/wp-json\/wp\/v2\/product_cat?post=96317"},{"taxonomy":"product_tag","embeddable":true,"href":"https:\/\/baldumarket.lt\/lt\/wp-json\/wp\/v2\/product_tag?post=96317"}],"curies":[{"name":"wp","href":"https:\/\/api.w.org\/{rel}","templated":true}]}}