{"id":96308,"date":"2025-12-05T16:06:31","date_gmt":"2025-12-05T13:06:31","guid":{"rendered":"https:\/\/baldumarket.lt\/product\/vilavio-08-dab-windmill-dark-cashmere-szafa-2d\/"},"modified":"2026-02-03T23:53:43","modified_gmt":"2026-02-03T20:53:43","slug":"vilavio-08-dab-windmill-dark-cashmere-szafa-2d","status":"publish","type":"product","link":"https:\/\/baldumarket.lt\/lt\/product\/vilavio-08-dab-windmill-dark-cashmere-szafa-2d\/","title":{"rendered":"Vilavio 08 tamsaus v\u0117jo mal\u016bno \u0105\u017euolo \/ ka\u0161myro spalvos \u2013 2D spinta"},"content":{"rendered":"<p>Dviej\u0173 dur\u0173 \u201eVilavio 08\u201c spinta \u2013 puikus baldas drabu\u017eiams, aksesuarams ir nam\u0173 tekstilei laikyti. Tvirtas strypas, besit\u0119siantis per vis\u0105 spintos plot\u012f, leid\u017eia lengvai pakabinti paltus, kostiumus ar sukneles. Erdvios vir\u0161utin\u0117s ir apatin\u0117s ni\u0161os leid\u017eia laikyti tokius daiktus kaip patalyn\u0117 ar rank\u0161luos\u010diai. Rinkit\u0117s \u201eVilavio\u201c spint\u0105 ir palaikykite tvark\u0105 savo interjere.<br \/>\n\u2022 Apvali forma.<br \/>\n\u2022 Eleganti\u0161ka apdaila.<br \/>\n\u2022 Prakti\u0161kas strypas ir dvi pla\u010dios \u012fdubos.<br \/>\n\u2022 \u0160velniai u\u017esidarantys vyriai.<\/p>","protected":false},"excerpt":{"rendered":"<p>Dviej\u0173 dur\u0173 \u201eVilavio 08\u201c spinta \u2013 puikus baldas drabu\u017eiams, aksesuarams ir nam\u0173 tekstilei laikyti. Tvirtas strypas, besit\u0119siantis per vis\u0105 spintos plot\u012f, leid\u017eia lengvai pakabinti paltus, kostium\u0117lius ar sukneles. Erdvios vir\u0161utin\u0117s ir apatin\u0117s ni\u0161os leid\u017eia laikyti tokius daiktus kaip patalyn\u0117 ar rank\u0161luos\u010diai. Pasirinkite [\u2026]<\/p>","protected":false},"featured_media":96309,"comment_status":"open","ping_status":"open","template":"","meta":[],"product_brand":[],"product_cat":[2255,9211,1177],"product_tag":[],"class_list":{"0":"post-96308","1":"product","2":"type-product","3":"status-publish","4":"has-post-thumbnail","6":"product_cat-ml-meble","7":"product_cat-furniture-system-vilavio-ml-meble","8":"product_cat-wardrobes","10":"first","11":"instock","12":"purchasable","13":"product-type-simple"},"_links":{"self":[{"href":"https:\/\/baldumarket.lt\/lt\/wp-json\/wp\/v2\/product\/96308","targetHints":{"allow":["GET"]}}],"collection":[{"href":"https:\/\/baldumarket.lt\/lt\/wp-json\/wp\/v2\/product"}],"about":[{"href":"https:\/\/baldumarket.lt\/lt\/wp-json\/wp\/v2\/types\/product"}],"replies":[{"embeddable":true,"href":"https:\/\/baldumarket.lt\/lt\/wp-json\/wp\/v2\/comments?post=96308"}],"wp:featuredmedia":[{"embeddable":true,"href":"https:\/\/baldumarket.lt\/lt\/wp-json\/wp\/v2\/media\/96309"}],"wp:attachment":[{"href":"https:\/\/baldumarket.lt\/lt\/wp-json\/wp\/v2\/media?parent=96308"}],"wp:term":[{"taxonomy":"product_brand","embeddable":true,"href":"https:\/\/baldumarket.lt\/lt\/wp-json\/wp\/v2\/product_brand?post=96308"},{"taxonomy":"product_cat","embeddable":true,"href":"https:\/\/baldumarket.lt\/lt\/wp-json\/wp\/v2\/product_cat?post=96308"},{"taxonomy":"product_tag","embeddable":true,"href":"https:\/\/baldumarket.lt\/lt\/wp-json\/wp\/v2\/product_tag?post=96308"}],"curies":[{"name":"wp","href":"https:\/\/api.w.org\/{rel}","templated":true}]}}