{"id":96287,"date":"2025-12-05T16:06:12","date_gmt":"2025-12-05T13:06:12","guid":{"rendered":"https:\/\/baldumarket.lt\/product\/voco-02-dab-cremona-terracotta-cashmere-komoda-3d1s\/"},"modified":"2026-02-03T23:53:43","modified_gmt":"2026-02-03T20:53:43","slug":"voco-02-dab-cremona-terracotta-cashmere-komoda-3d1s","status":"publish","type":"product","link":"https:\/\/baldumarket.lt\/lt\/product\/voco-02-dab-cremona-terracotta-cashmere-komoda-3d1s\/","title":{"rendered":"Voco 02 kremonos \u0105\u017euolo terakota \/ ka\u0161myras \u2013 3D1S komoda"},"content":{"rendered":"<p>Bat\u0173 spintel\u0117 \u201eVoco 02\u201c \u2013 erdvus ir eleganti\u0161kas baldas j\u016bs\u0173 prie\u0161kambariui. Joje yra a\u0161tuoni rakinami skyriai batams laikyti ir ma\u017eas stal\u010dius kasdieniams nieku\u010diams ar automobilio raktams. \u017demesnis stalvir\u0161is yra stilingas ir prakti\u0161kas \u2013 raktai ar dokumentai niekada nepaliks spintel\u0117s. Apatin\u0117je dalyje yra plati, atvira lentyna, leid\u017eianti lengvai laikyti kasdienius batus ir i\u0161laikyti tvark\u0105.<br \/>\n\u2022 Labai funkcionalus.<br \/>\n\u2022 Patvarios metalin\u0117s kojel\u0117s, kad b\u016bt\u0173 lengva valyti.<br \/>\n\u2022 \u0160velniai u\u017esidarantys vyriai.<br \/>\n\u2022 Pilnai i\u0161traukiamas stal\u010dius.<br \/>\n\u2022 Platus \u012frengini\u0173 asortimentas i\u0161 visos \u201eVoco\u201c kolekcijos.<\/p>","protected":false},"excerpt":{"rendered":"<p>\u201eVoco 02\u201c bat\u0173 spintel\u0117 \u2013 erdvus ir eleganti\u0161kas baldas j\u016bs\u0173 prie\u0161kambariui. Joje yra a\u0161tuoni rakinami skyriai batams laikyti ir ma\u017eas stal\u010dius kasdieniams nieku\u010diams ar automobilio raktams. \u017demesnis stalvir\u0161is yra stilingas ir prakti\u0161kas \u2013 raktai ar dokumentai niekada nepaliks spintel\u0117s. Apatin\u0117 dalis [\u2026]<\/p>","protected":false},"featured_media":96288,"comment_status":"open","ping_status":"open","template":"","meta":[],"product_brand":[],"product_cat":[9238,1173,2255],"product_tag":[],"class_list":{"0":"post-96287","1":"product","2":"type-product","3":"status-publish","4":"has-post-thumbnail","6":"product_cat-furniture-system-voco-ml-meble","7":"product_cat-chests-of-drawers","8":"product_cat-ml-meble","10":"first","11":"instock","12":"purchasable","13":"product-type-simple"},"_links":{"self":[{"href":"https:\/\/baldumarket.lt\/lt\/wp-json\/wp\/v2\/product\/96287","targetHints":{"allow":["GET"]}}],"collection":[{"href":"https:\/\/baldumarket.lt\/lt\/wp-json\/wp\/v2\/product"}],"about":[{"href":"https:\/\/baldumarket.lt\/lt\/wp-json\/wp\/v2\/types\/product"}],"replies":[{"embeddable":true,"href":"https:\/\/baldumarket.lt\/lt\/wp-json\/wp\/v2\/comments?post=96287"}],"wp:featuredmedia":[{"embeddable":true,"href":"https:\/\/baldumarket.lt\/lt\/wp-json\/wp\/v2\/media\/96288"}],"wp:attachment":[{"href":"https:\/\/baldumarket.lt\/lt\/wp-json\/wp\/v2\/media?parent=96287"}],"wp:term":[{"taxonomy":"product_brand","embeddable":true,"href":"https:\/\/baldumarket.lt\/lt\/wp-json\/wp\/v2\/product_brand?post=96287"},{"taxonomy":"product_cat","embeddable":true,"href":"https:\/\/baldumarket.lt\/lt\/wp-json\/wp\/v2\/product_cat?post=96287"},{"taxonomy":"product_tag","embeddable":true,"href":"https:\/\/baldumarket.lt\/lt\/wp-json\/wp\/v2\/product_tag?post=96287"}],"curies":[{"name":"wp","href":"https:\/\/api.w.org\/{rel}","templated":true}]}}