{"id":96276,"date":"2025-12-05T16:06:03","date_gmt":"2025-12-05T13:06:03","guid":{"rendered":"https:\/\/baldumarket.lt\/product\/voco-01-dab-cremona-terracotta-cashmere-szafa-2dl-p\/"},"modified":"2026-02-03T23:53:43","modified_gmt":"2026-02-03T20:53:43","slug":"voco-01-dab-cremona-terracotta-cashmere-szafa-2dl-p","status":"publish","type":"product","link":"https:\/\/baldumarket.lt\/lt\/product\/voco-01-dab-cremona-terracotta-cashmere-szafa-2dl-p\/","title":{"rendered":"Voco 01 kremonos \u0105\u017euolo terakotos \/ ka\u0161myro spalvos spinta 2DL\/P"},"content":{"rendered":"<p>\u201eVoco 01\u201c spinta \u2013 kompakti\u0161kas baldas bet kokiam prie\u0161kambariui. Kompakti\u0161ko dizaino spinta u\u017eima ma\u017eai vietos, ta\u010diau si\u016blo daug vietos daiktams susid\u0117ti. Spinta pasi\u017eymi erdviu vidumi ir patogia i\u0161traukiama pakaba, puikiai tinkan\u010dia sezoniniams vir\u0161utiniams drabu\u017eiams. Vir\u0161uje ir apa\u010dioje yra du erdv\u016bs, rakinami skyriai. Juose rasite daug vietos tokiems daiktams kaip kepur\u0117s, kepur\u0117s ir nam\u0173 tekstil\u0117. Spintos vir\u0161uje yra atvira lentyna, kurioje galite lengvai laikyti kasdienius batus ir i\u0161laikyti tvark\u0105 viduje. Duris galima atidaryti i\u0161 de\u0161in\u0117s arba kair\u0117s, priklausomai nuo j\u016bs\u0173 poreiki\u0173.<br \/>\n\u2022 Labai funkcionalus.<br \/>\n\u2022 Patvarios metalin\u0117s kojel\u0117s, kad b\u016bt\u0173 lengva valyti.<br \/>\n\u2022 \u0160velniai u\u017esidarantys vyriai.<br \/>\n\u2022 Platus \u012frengini\u0173 asortimentas i\u0161 visos \u201eVoco\u201c kolekcijos.<\/p>","protected":false},"excerpt":{"rendered":"<p>\u201eVoco 01\u201c spinta \u2013 kompakti\u0161kas baldas bet kokiam prie\u0161kambariui. Kompakti\u0161ko dizaino spinta u\u017eima ma\u017eai vietos, ta\u010diau si\u016blo daug vietos daiktams susid\u0117ti. Spinta pasi\u017eymi erdviu vidumi ir patogia i\u0161traukiama pakaba, puikiai tinkan\u010dia sezoniniams vir\u0161utiniams drabu\u017eiams. Vir\u0161uje ir apa\u010dioje yra du erdv\u016bs, u\u017erakinami skyriai. Juose yra daug vietos daiktams susid\u0117ti [\u2026]<\/p>","protected":false},"featured_media":96277,"comment_status":"open","ping_status":"open","template":"","meta":[],"product_brand":[],"product_cat":[9238,2255,1177],"product_tag":[],"class_list":{"0":"post-96276","1":"product","2":"type-product","3":"status-publish","4":"has-post-thumbnail","6":"product_cat-furniture-system-voco-ml-meble","7":"product_cat-ml-meble","8":"product_cat-wardrobes","10":"first","11":"instock","12":"purchasable","13":"product-type-simple"},"_links":{"self":[{"href":"https:\/\/baldumarket.lt\/lt\/wp-json\/wp\/v2\/product\/96276","targetHints":{"allow":["GET"]}}],"collection":[{"href":"https:\/\/baldumarket.lt\/lt\/wp-json\/wp\/v2\/product"}],"about":[{"href":"https:\/\/baldumarket.lt\/lt\/wp-json\/wp\/v2\/types\/product"}],"replies":[{"embeddable":true,"href":"https:\/\/baldumarket.lt\/lt\/wp-json\/wp\/v2\/comments?post=96276"}],"wp:featuredmedia":[{"embeddable":true,"href":"https:\/\/baldumarket.lt\/lt\/wp-json\/wp\/v2\/media\/96277"}],"wp:attachment":[{"href":"https:\/\/baldumarket.lt\/lt\/wp-json\/wp\/v2\/media?parent=96276"}],"wp:term":[{"taxonomy":"product_brand","embeddable":true,"href":"https:\/\/baldumarket.lt\/lt\/wp-json\/wp\/v2\/product_brand?post=96276"},{"taxonomy":"product_cat","embeddable":true,"href":"https:\/\/baldumarket.lt\/lt\/wp-json\/wp\/v2\/product_cat?post=96276"},{"taxonomy":"product_tag","embeddable":true,"href":"https:\/\/baldumarket.lt\/lt\/wp-json\/wp\/v2\/product_tag?post=96276"}],"curies":[{"name":"wp","href":"https:\/\/api.w.org\/{rel}","templated":true}]}}