{"id":96256,"date":"2025-12-05T16:05:46","date_gmt":"2025-12-05T13:05:46","guid":{"rendered":"https:\/\/baldumarket.lt\/product\/dora-04-dab-evoke-komoda-2d3s\/"},"modified":"2026-04-07T13:39:59","modified_gmt":"2026-04-07T10:39:59","slug":"dora-04-dab-evoke-komoda-2d3s","status":"publish","type":"product","link":"https:\/\/baldumarket.lt\/lt\/product\/dora-04-dab-evoke-komoda-2d3s\/","title":{"rendered":"Dora 04 dab evoke \u2013 2D3S komoda"},"content":{"rendered":"<p>Didel\u0117 komoda \u201eDora 04\u201c \u2013 puikus daikt\u0173 laikymo sprendimas. U\u017e dviej\u0173 dureli\u0173 yra i\u0161 viso keturi erdv\u016bs skyriai. Juose galite laikyti drabu\u017eius, rank\u0161luos\u010dius ar stalo \u012frankius. Centrin\u0117je spintel\u0117s dalyje yra trys stal\u010diai, puikiai tinkantys dokumentams ar nam\u0173 tekstilei. Platus stalvir\u0161is \u2013 puiki vieta eleganti\u0161koms vazoms ar kelioni\u0173 suvenyrams eksponuoti. Rinkit\u0117s komod\u0105 \u201eDora\u201c ir palaikykite tvark\u0105 savo interjere.<br \/>\n\u2022 Funkcional\u016bs baldai su gra\u017eiu dizainu.<br \/>\n\u2022 Priekin\u0117s dalys ir lentjuost\u0117s pagamintos i\u0161 lenktos MDF plok\u0161t\u0117s.<br \/>\n\u2022 Ergonomi\u0161kos rankenos.<br \/>\n\u2022 Stal\u010diai su sutvirtintais dugnais ir pilno i\u0161traukimo funkcija.<br \/>\n\u2022 \u0160velniai u\u017esidarantys vyriai.<\/p>","protected":false},"excerpt":{"rendered":"<p>Didel\u0117 komoda \u201eDora 04\u201c \u2013 puikus daikt\u0173 laikymo sprendimas. U\u017e dviej\u0173 dureli\u0173 yra i\u0161 viso keturi erdv\u016bs skyriai. Juose galite laikyti drabu\u017eius, rank\u0161luos\u010dius ar stalo \u012frankius. Centrin\u0117je spintel\u0117s dalyje yra trys stal\u010diai, puikiai tinkantys dokumentams ar nam\u0173 tekstilei. Platus stalvir\u0161is \u2013 puiki vieta eksponuoti [\u2026]<\/p>","protected":false},"featured_media":96257,"comment_status":"open","ping_status":"open","template":"","meta":[],"product_brand":[],"product_cat":[1173,2255,9212],"product_tag":[],"class_list":{"0":"post-96256","1":"product","2":"type-product","3":"status-publish","4":"has-post-thumbnail","6":"product_cat-chests-of-drawers","7":"product_cat-ml-meble","8":"product_cat-furniture-system-dora-ml-meble","10":"first","11":"instock","12":"purchasable","13":"product-type-simple"},"_links":{"self":[{"href":"https:\/\/baldumarket.lt\/lt\/wp-json\/wp\/v2\/product\/96256","targetHints":{"allow":["GET"]}}],"collection":[{"href":"https:\/\/baldumarket.lt\/lt\/wp-json\/wp\/v2\/product"}],"about":[{"href":"https:\/\/baldumarket.lt\/lt\/wp-json\/wp\/v2\/types\/product"}],"replies":[{"embeddable":true,"href":"https:\/\/baldumarket.lt\/lt\/wp-json\/wp\/v2\/comments?post=96256"}],"wp:featuredmedia":[{"embeddable":true,"href":"https:\/\/baldumarket.lt\/lt\/wp-json\/wp\/v2\/media\/96257"}],"wp:attachment":[{"href":"https:\/\/baldumarket.lt\/lt\/wp-json\/wp\/v2\/media?parent=96256"}],"wp:term":[{"taxonomy":"product_brand","embeddable":true,"href":"https:\/\/baldumarket.lt\/lt\/wp-json\/wp\/v2\/product_brand?post=96256"},{"taxonomy":"product_cat","embeddable":true,"href":"https:\/\/baldumarket.lt\/lt\/wp-json\/wp\/v2\/product_cat?post=96256"},{"taxonomy":"product_tag","embeddable":true,"href":"https:\/\/baldumarket.lt\/lt\/wp-json\/wp\/v2\/product_tag?post=96256"}],"curies":[{"name":"wp","href":"https:\/\/api.w.org\/{rel}","templated":true}]}}